{"id":91685,"date":"2019-07-11T13:58:58","date_gmt":"2019-07-11T13:58:58","guid":{"rendered":"https:\/\/www.3p-gmbh.de\/produkt\/perceuse-a-papier-constantin-hang-dt-106-20\/"},"modified":"2019-07-11T13:58:58","modified_gmt":"2019-07-11T13:58:58","slug":"perceuse-a-papier-3","status":"publish","type":"product","link":"https:\/\/www.3p-gmbh.de\/fr\/produkt\/perceuse-a-papier-3\/","title":{"rendered":"Perceuse \u00e0 papier Constantin Hang DT 106-20"},"content":{"rendered":"<p>&#8211; 2 t\u00eates de forage r\u00e9glables l&rsquo;une par rapport \u00e0 l&rsquo;autre<br \/>\n&#8211; La course de per\u00e7age s&rsquo;effectue \u00e0 l&rsquo;aide d&rsquo;une p\u00e9dale<br \/>\n&#8211; 380 volts<\/p>\n","protected":false},"excerpt":{"rendered":"<p>&#8211; 2 t\u00eates de forage r\u00e9glables l&rsquo;une par rapport \u00e0 l&rsquo;autre &#8211; La course de per\u00e7age s&rsquo;effectue \u00e0 l&rsquo;aide d&rsquo;une p\u00e9dale &#8211; 380 volts<\/p>\n","protected":false},"featured_media":56574,"template":"","meta":[],"product_brand":[],"product_cat":[2957],"product_tag":[],"class_list":{"0":"post-91685","1":"product","2":"type-product","3":"status-publish","4":"has-post-thumbnail","6":"product_cat-perceuses-a-papier","7":"pa_hersteller-constantin-hang","8":"pa_typ-dt-106-20","10":"first","11":"instock","12":"sold-individually","13":"taxable","14":"shipping-taxable","15":"purchasable","16":"product-type-simple"},"jetpack_sharing_enabled":true,"_links":{"self":[{"href":"https:\/\/www.3p-gmbh.de\/fr\/wp-json\/wp\/v2\/product\/91685","targetHints":{"allow":["GET"]}}],"collection":[{"href":"https:\/\/www.3p-gmbh.de\/fr\/wp-json\/wp\/v2\/product"}],"about":[{"href":"https:\/\/www.3p-gmbh.de\/fr\/wp-json\/wp\/v2\/types\/product"}],"wp:featuredmedia":[{"embeddable":true,"href":"https:\/\/www.3p-gmbh.de\/fr\/wp-json\/wp\/v2\/media\/56574"}],"wp:attachment":[{"href":"https:\/\/www.3p-gmbh.de\/fr\/wp-json\/wp\/v2\/media?parent=91685"}],"wp:term":[{"taxonomy":"product_brand","embeddable":true,"href":"https:\/\/www.3p-gmbh.de\/fr\/wp-json\/wp\/v2\/product_brand?post=91685"},{"taxonomy":"product_cat","embeddable":true,"href":"https:\/\/www.3p-gmbh.de\/fr\/wp-json\/wp\/v2\/product_cat?post=91685"},{"taxonomy":"product_tag","embeddable":true,"href":"https:\/\/www.3p-gmbh.de\/fr\/wp-json\/wp\/v2\/product_tag?post=91685"}],"curies":[{"name":"wp","href":"https:\/\/api.w.org\/{rel}","templated":true}]}}