{"id":91676,"date":"2019-07-11T13:58:58","date_gmt":"2019-07-11T13:58:58","guid":{"rendered":"https:\/\/www.3p-gmbh.de\/produkt\/ernst-nagel-citoborma-280-perceuse-a-papier-a-2-broches\/"},"modified":"2019-07-11T13:58:58","modified_gmt":"2019-07-11T13:58:58","slug":"perceuse-a-papier-a-2-broches-2","status":"publish","type":"product","link":"https:\/\/www.3p-gmbh.de\/fr\/produkt\/perceuse-a-papier-a-2-broches-2\/","title":{"rendered":"Ernst Nagel Citoborma 280 Perceuse \u00e0 papier \u00e0 2 broches"},"content":{"rendered":"<p>Construction r\u00e9sistante \u00e0 la torsion pour la pr\u00e9cision et la dur\u00e9e de vie<br \/>\nD\u00e9clenchement par levier<br \/>\nhauteur de pile 60mm<br \/>\nlargeur d&rsquo;insertion 410 mm sur table coulissante<br \/>\nCompensation de la longueur du foret<br \/>\nDiam\u00e8tre du trou 2 &#8211; 14 mm<br \/>\n2 t\u00eates de per\u00e7age non r\u00e9glables en distance pour les trous d&rsquo;agrafage<\/p>\n","protected":false},"excerpt":{"rendered":"<p>Construction r\u00e9sistante \u00e0 la torsion pour la pr\u00e9cision et la dur\u00e9e de vie D\u00e9clenchement par levier hauteur de pile 60mm largeur d&rsquo;insertion 410 mm sur table coulissante Compensation de la longueur du foret Diam\u00e8tre du trou 2 &#8211; 14 mm 2 t\u00eates de per\u00e7age non r\u00e9glables en distance pour les trous d&rsquo;agrafage<\/p>\n","protected":false},"featured_media":56563,"template":"","meta":[],"product_brand":[],"product_cat":[2957],"product_tag":[],"class_list":{"0":"post-91676","1":"product","2":"type-product","3":"status-publish","4":"has-post-thumbnail","6":"product_cat-perceuses-a-papier","7":"pa_baujahr-272","8":"pa_hersteller-ernst-nagel","9":"pa_typ-citoborma-280","11":"first","12":"instock","13":"sold-individually","14":"taxable","15":"shipping-taxable","16":"purchasable","17":"product-type-simple"},"jetpack_sharing_enabled":true,"_links":{"self":[{"href":"https:\/\/www.3p-gmbh.de\/fr\/wp-json\/wp\/v2\/product\/91676","targetHints":{"allow":["GET"]}}],"collection":[{"href":"https:\/\/www.3p-gmbh.de\/fr\/wp-json\/wp\/v2\/product"}],"about":[{"href":"https:\/\/www.3p-gmbh.de\/fr\/wp-json\/wp\/v2\/types\/product"}],"wp:featuredmedia":[{"embeddable":true,"href":"https:\/\/www.3p-gmbh.de\/fr\/wp-json\/wp\/v2\/media\/56563"}],"wp:attachment":[{"href":"https:\/\/www.3p-gmbh.de\/fr\/wp-json\/wp\/v2\/media?parent=91676"}],"wp:term":[{"taxonomy":"product_brand","embeddable":true,"href":"https:\/\/www.3p-gmbh.de\/fr\/wp-json\/wp\/v2\/product_brand?post=91676"},{"taxonomy":"product_cat","embeddable":true,"href":"https:\/\/www.3p-gmbh.de\/fr\/wp-json\/wp\/v2\/product_cat?post=91676"},{"taxonomy":"product_tag","embeddable":true,"href":"https:\/\/www.3p-gmbh.de\/fr\/wp-json\/wp\/v2\/product_tag?post=91676"}],"curies":[{"name":"wp","href":"https:\/\/api.w.org\/{rel}","templated":true}]}}