{"id":91673,"date":"2019-07-11T13:58:58","date_gmt":"2019-07-11T13:58:58","guid":{"rendered":"https:\/\/www.3p-gmbh.de\/produkt\/folioteur-graphic-whizard-gw-8000-e-sa\/"},"modified":"2019-07-11T13:58:58","modified_gmt":"2019-07-11T13:58:58","slug":"numeroteuse","status":"publish","type":"product","link":"https:\/\/www.3p-gmbh.de\/fr\/produkt\/numeroteuse\/","title":{"rendered":"Folioteur Graphic Whizard GW 8000 E-SA"},"content":{"rendered":"<p>Contr\u00f4le du programme<br \/>\nPuissance 8000 cycles<br \/>\nMargeur d&rsquo;air aspir\u00e9 (Schneider)<br \/>\nmax. Format de feuille 45x45xm<br \/>\nmax. poids de surface 45-300g\/m2<br \/>\n0.010 Pr\u00e9cision<br \/>\njusqu&rsquo;\u00e0 4 t\u00eates de num\u00e9rotation possibles (une t\u00eate int\u00e9gr\u00e9e)<br \/>\nPossibilit\u00e9 de perforation longitudinale, d&rsquo;entaille et de rainurage<\/p>\n","protected":false},"excerpt":{"rendered":"<p>Contr\u00f4le du programme Puissance 8000 cycles Margeur d&rsquo;air aspir\u00e9 (Schneider) max. Format de feuille 45x45xm max. poids de surface 45-300g\/m2 0.010 Pr\u00e9cision jusqu&rsquo;\u00e0 4 t\u00eates de num\u00e9rotation possibles (une t\u00eate int\u00e9gr\u00e9e) Possibilit\u00e9 de perforation longitudinale, d&rsquo;entaille et de rainurage<\/p>\n","protected":false},"featured_media":56551,"template":"","meta":[],"product_brand":[],"product_cat":[3122],"product_tag":[],"class_list":{"0":"post-91673","1":"product","2":"type-product","3":"status-publish","4":"has-post-thumbnail","6":"product_cat-machines-a-numeroter","7":"pa_baujahr-140","8":"pa_hersteller-graphic-whizard","9":"pa_typ-gw-8000-e-sa","11":"first","12":"instock","13":"sold-individually","14":"taxable","15":"shipping-taxable","16":"purchasable","17":"product-type-simple"},"jetpack_sharing_enabled":true,"_links":{"self":[{"href":"https:\/\/www.3p-gmbh.de\/fr\/wp-json\/wp\/v2\/product\/91673","targetHints":{"allow":["GET"]}}],"collection":[{"href":"https:\/\/www.3p-gmbh.de\/fr\/wp-json\/wp\/v2\/product"}],"about":[{"href":"https:\/\/www.3p-gmbh.de\/fr\/wp-json\/wp\/v2\/types\/product"}],"wp:featuredmedia":[{"embeddable":true,"href":"https:\/\/www.3p-gmbh.de\/fr\/wp-json\/wp\/v2\/media\/56551"}],"wp:attachment":[{"href":"https:\/\/www.3p-gmbh.de\/fr\/wp-json\/wp\/v2\/media?parent=91673"}],"wp:term":[{"taxonomy":"product_brand","embeddable":true,"href":"https:\/\/www.3p-gmbh.de\/fr\/wp-json\/wp\/v2\/product_brand?post=91673"},{"taxonomy":"product_cat","embeddable":true,"href":"https:\/\/www.3p-gmbh.de\/fr\/wp-json\/wp\/v2\/product_cat?post=91673"},{"taxonomy":"product_tag","embeddable":true,"href":"https:\/\/www.3p-gmbh.de\/fr\/wp-json\/wp\/v2\/product_tag?post=91673"}],"curies":[{"name":"wp","href":"https:\/\/api.w.org\/{rel}","templated":true}]}}