{"id":91670,"date":"2019-07-11T13:58:58","date_gmt":"2019-07-11T13:58:58","guid":{"rendered":"https:\/\/www.3p-gmbh.de\/produkt\/elevateur-de-piles-polar-lw-1000-4\/"},"modified":"2019-07-11T13:58:58","modified_gmt":"2019-07-11T13:58:58","slug":"stapellift-3","status":"publish","type":"product","link":"https:\/\/www.3p-gmbh.de\/fr\/produkt\/stapellift-3\/","title":{"rendered":"El\u00e9vateur de piles Polar LW 1000-4"},"content":{"rendered":"<p>plate-forme 80 x 126 mm<br \/>\nGr\u00e2ce au soul\u00e8vement automatique du mat\u00e9riau \u00e0 d\u00e9couper, l&rsquo;op\u00e9rateur peut, \u00e0 une hauteur de travail ergonomique pour lui, charger le mat\u00e9riau dans l&rsquo;automate de secouage ou directement dans la machine de d\u00e9coupe.<br \/>\ncharger la machine \u00e0 d\u00e9couper. Mais l&rsquo;\u00e9l\u00e9vateur de pile peut aussi \u00eatre utilis\u00e9 pour empiler des produits \u00e0 d\u00e9couper. Les \u00e9l\u00e9vateurs empilables ne doivent pas \u00eatre ancr\u00e9s dans le sol et peuvent donc \u00eatre d\u00e9plac\u00e9s facilement. Ils sont \u00e9quip\u00e9s de barri\u00e8res photo\u00e9lectriques r\u00e9flexes r\u00e9glables en continu pour une mont\u00e9e ou une descente automatique. L&rsquo;\u00e9l\u00e9ment de commande peut \u00eatre mont\u00e9 sans probl\u00e8me \u00e0 droite ou \u00e0 gauche.<\/p>\n","protected":false},"excerpt":{"rendered":"<p>plate-forme 80 x 126 mm Gr\u00e2ce au soul\u00e8vement automatique du mat\u00e9riau \u00e0 d\u00e9couper, l&rsquo;op\u00e9rateur peut, \u00e0 une hauteur de travail ergonomique pour lui, charger le mat\u00e9riau dans l&rsquo;automate de secouage ou directement dans la machine de d\u00e9coupe. charger la machine \u00e0 d\u00e9couper. Mais l&rsquo;\u00e9l\u00e9vateur de pile peut aussi \u00eatre utilis\u00e9 pour empiler des produits \u00e0 [&hellip;]<\/p>\n","protected":false},"featured_media":56557,"template":"","meta":[],"product_brand":[],"product_cat":[2977],"product_tag":[],"class_list":{"0":"post-91670","1":"product","2":"type-product","3":"status-publish","4":"has-post-thumbnail","6":"product_cat-elevateurs-de-piles-et-gerbeurs","7":"pa_baujahr-130","8":"pa_hersteller-polar-mohr","9":"pa_typ-lw-1000-4","11":"first","12":"instock","13":"sold-individually","14":"taxable","15":"shipping-taxable","16":"purchasable","17":"product-type-simple"},"jetpack_sharing_enabled":true,"_links":{"self":[{"href":"https:\/\/www.3p-gmbh.de\/fr\/wp-json\/wp\/v2\/product\/91670","targetHints":{"allow":["GET"]}}],"collection":[{"href":"https:\/\/www.3p-gmbh.de\/fr\/wp-json\/wp\/v2\/product"}],"about":[{"href":"https:\/\/www.3p-gmbh.de\/fr\/wp-json\/wp\/v2\/types\/product"}],"wp:featuredmedia":[{"embeddable":true,"href":"https:\/\/www.3p-gmbh.de\/fr\/wp-json\/wp\/v2\/media\/56557"}],"wp:attachment":[{"href":"https:\/\/www.3p-gmbh.de\/fr\/wp-json\/wp\/v2\/media?parent=91670"}],"wp:term":[{"taxonomy":"product_brand","embeddable":true,"href":"https:\/\/www.3p-gmbh.de\/fr\/wp-json\/wp\/v2\/product_brand?post=91670"},{"taxonomy":"product_cat","embeddable":true,"href":"https:\/\/www.3p-gmbh.de\/fr\/wp-json\/wp\/v2\/product_cat?post=91670"},{"taxonomy":"product_tag","embeddable":true,"href":"https:\/\/www.3p-gmbh.de\/fr\/wp-json\/wp\/v2\/product_tag?post=91670"}],"curies":[{"name":"wp","href":"https:\/\/api.w.org\/{rel}","templated":true}]}}