{"id":91660,"date":"2019-07-11T13:58:58","date_gmt":"2019-07-11T13:58:58","guid":{"rendered":"https:\/\/www.3p-gmbh.de\/produkt\/hang-piccolo-machine-a-huile\/"},"modified":"2019-07-11T13:58:58","modified_gmt":"2019-07-11T13:58:58","slug":"oes-machine","status":"publish","type":"product","link":"https:\/\/www.3p-gmbh.de\/fr\/produkt\/oes-machine\/","title":{"rendered":"Hang Piccolo machine \u00e0 huile"},"content":{"rendered":"<p>Les documents importants comme les cartes d&rsquo;identit\u00e9 et les contrats 2-15 feuilles sont rassembl\u00e9s de mani\u00e8re indissociable !<br \/>\n&#8211; pour papier, carton, etc. Mat\u00e9riaux jusqu&rsquo;\u00e0 2 mm d&rsquo;\u00e9paisseur<br \/>\n&#8211; In\u00e9gal\u00e9e, d&rsquo;une souplesse sans \u00e9gale<br \/>\n&#8211; Avec alimentation automatique en huile par le biais d&rsquo;un magasin<br \/>\n&#8211; Permet de perforer et d&rsquo;\u0153ser en une seule op\u00e9ration, l&rsquo;\u0153illet perforant lui-m\u00eame le trou<br \/>\n&#8211; Disponible avec diff\u00e9rents diam\u00e8tres int\u00e9rieurs d&rsquo;\u0153illets<\/p>\n","protected":false},"excerpt":{"rendered":"<p>Les documents importants comme les cartes d&rsquo;identit\u00e9 et les contrats 2-15 feuilles sont rassembl\u00e9s de mani\u00e8re indissociable ! &#8211; pour papier, carton, etc. Mat\u00e9riaux jusqu&rsquo;\u00e0 2 mm d&rsquo;\u00e9paisseur &#8211; In\u00e9gal\u00e9e, d&rsquo;une souplesse sans \u00e9gale &#8211; Avec alimentation automatique en huile par le biais d&rsquo;un magasin &#8211; Permet de perforer et d&rsquo;\u0153ser en une seule op\u00e9ration, [&hellip;]<\/p>\n","protected":false},"featured_media":56558,"template":"","meta":[],"product_brand":[],"product_cat":[3052],"product_tag":[],"class_list":{"0":"post-91660","1":"product","2":"type-product","3":"status-publish","4":"has-post-thumbnail","6":"product_cat-machines-a-huile","7":"pa_baujahr-165","8":"pa_hersteller-constantin-hang","9":"pa_typ-picolo-iii","11":"first","12":"instock","13":"sold-individually","14":"taxable","15":"shipping-taxable","16":"purchasable","17":"product-type-simple"},"jetpack_sharing_enabled":true,"_links":{"self":[{"href":"https:\/\/www.3p-gmbh.de\/fr\/wp-json\/wp\/v2\/product\/91660","targetHints":{"allow":["GET"]}}],"collection":[{"href":"https:\/\/www.3p-gmbh.de\/fr\/wp-json\/wp\/v2\/product"}],"about":[{"href":"https:\/\/www.3p-gmbh.de\/fr\/wp-json\/wp\/v2\/types\/product"}],"wp:featuredmedia":[{"embeddable":true,"href":"https:\/\/www.3p-gmbh.de\/fr\/wp-json\/wp\/v2\/media\/56558"}],"wp:attachment":[{"href":"https:\/\/www.3p-gmbh.de\/fr\/wp-json\/wp\/v2\/media?parent=91660"}],"wp:term":[{"taxonomy":"product_brand","embeddable":true,"href":"https:\/\/www.3p-gmbh.de\/fr\/wp-json\/wp\/v2\/product_brand?post=91660"},{"taxonomy":"product_cat","embeddable":true,"href":"https:\/\/www.3p-gmbh.de\/fr\/wp-json\/wp\/v2\/product_cat?post=91660"},{"taxonomy":"product_tag","embeddable":true,"href":"https:\/\/www.3p-gmbh.de\/fr\/wp-json\/wp\/v2\/product_tag?post=91660"}],"curies":[{"name":"wp","href":"https:\/\/api.w.org\/{rel}","templated":true}]}}