{"id":91654,"date":"2019-07-11T13:58:58","date_gmt":"2019-07-11T13:58:58","guid":{"rendered":"https:\/\/www.3p-gmbh.de\/produkt\/muero-st-secoueur-darc\/"},"modified":"2019-07-11T13:58:58","modified_gmt":"2019-07-11T13:58:58","slug":"archer-souffleur","status":"publish","type":"product","link":"https:\/\/www.3p-gmbh.de\/fr\/produkt\/archer-souffleur\/","title":{"rendered":"M\u00fcro ST secoueur d&rsquo;arc"},"content":{"rendered":"<p>secoueur de feuilles mobile pour d\u00e9poser et lisser les liasses de formulaires et de brochures assembl\u00e9es ainsi que les feuilles imprim\u00e9es.<br \/>\nForce de secouage r\u00e9glable au moyen d&rsquo;un \u00e9crou \u00e0 balourd r\u00e9glable sur l&rsquo;axe du moteur.<br \/>\nVitesse r\u00e9glable du moteur, tournant vers la gauche ou la droite pour un r\u00e9glage fin de la force de secouage.<br \/>\nCassette de secouage inclinable jusqu&rsquo;\u00e0 45 \u00b0.<br \/>\nFormat utile : 61 x 76 cm<br \/>\nHauteur de la cassette : 10 cm<br \/>\nDimensions ext\u00e9rieures : 45 x 45 cm<br \/>\nHauteur : 75 &#8211; 95 cm, variable<br \/>\nRaccordement : 230 V<\/p>\n","protected":false},"excerpt":{"rendered":"<p>secoueur de feuilles mobile pour d\u00e9poser et lisser les liasses de formulaires et de brochures assembl\u00e9es ainsi que les feuilles imprim\u00e9es. Force de secouage r\u00e9glable au moyen d&rsquo;un \u00e9crou \u00e0 balourd r\u00e9glable sur l&rsquo;axe du moteur. Vitesse r\u00e9glable du moteur, tournant vers la gauche ou la droite pour un r\u00e9glage fin de la force de [&hellip;]<\/p>\n","protected":false},"featured_media":56543,"template":"","meta":[],"product_brand":[],"product_cat":[3068],"product_tag":[],"class_list":{"0":"post-91654","1":"product","2":"type-product","3":"status-publish","4":"has-post-thumbnail","6":"product_cat-tables-vibrantes","7":"pa_baujahr-130","8":"pa_hersteller-muero","9":"pa_typ-st-61x76","11":"first","12":"instock","13":"sold-individually","14":"taxable","15":"shipping-taxable","16":"purchasable","17":"product-type-simple"},"jetpack_sharing_enabled":true,"_links":{"self":[{"href":"https:\/\/www.3p-gmbh.de\/fr\/wp-json\/wp\/v2\/product\/91654","targetHints":{"allow":["GET"]}}],"collection":[{"href":"https:\/\/www.3p-gmbh.de\/fr\/wp-json\/wp\/v2\/product"}],"about":[{"href":"https:\/\/www.3p-gmbh.de\/fr\/wp-json\/wp\/v2\/types\/product"}],"wp:featuredmedia":[{"embeddable":true,"href":"https:\/\/www.3p-gmbh.de\/fr\/wp-json\/wp\/v2\/media\/56543"}],"wp:attachment":[{"href":"https:\/\/www.3p-gmbh.de\/fr\/wp-json\/wp\/v2\/media?parent=91654"}],"wp:term":[{"taxonomy":"product_brand","embeddable":true,"href":"https:\/\/www.3p-gmbh.de\/fr\/wp-json\/wp\/v2\/product_brand?post=91654"},{"taxonomy":"product_cat","embeddable":true,"href":"https:\/\/www.3p-gmbh.de\/fr\/wp-json\/wp\/v2\/product_cat?post=91654"},{"taxonomy":"product_tag","embeddable":true,"href":"https:\/\/www.3p-gmbh.de\/fr\/wp-json\/wp\/v2\/product_tag?post=91654"}],"curies":[{"name":"wp","href":"https:\/\/api.w.org\/{rel}","templated":true}]}}