{"id":91653,"date":"2019-07-11T13:58:58","date_gmt":"2019-07-11T13:58:58","guid":{"rendered":"https:\/\/www.3p-gmbh.de\/produkt\/knorr-rla-6-pl-machine-a-secouer-avec-rouleau-dejection-dair\/"},"modified":"2019-07-11T13:58:58","modified_gmt":"2019-07-11T13:58:58","slug":"automate-de-graissage-avec-rouleau-de-soufflage","status":"publish","type":"product","link":"https:\/\/www.3p-gmbh.de\/fr\/produkt\/automate-de-graissage-avec-rouleau-de-soufflage\/","title":{"rendered":"Knorr RLA 6 PL Machine \u00e0 secouer avec rouleau d&rsquo;\u00e9jection d&rsquo;air"},"content":{"rendered":"<p>&#8211; avec interface pour un syst\u00e8me de pr\u00e9hension sur le c\u00f4t\u00e9 gauche de la table<br \/>\n&#8211; but\u00e9es lat\u00e9rales pneumatiques<br \/>\n&#8211; Table \u00e0 air en acier inoxydable<br \/>\n&#8211; max. Format de feuille 105&#215;145 cm<br \/>\n&#8211; hauteur des couches 165 mm<\/p>\n","protected":false},"excerpt":{"rendered":"<p>&#8211; avec interface pour un syst\u00e8me de pr\u00e9hension sur le c\u00f4t\u00e9 gauche de la table &#8211; but\u00e9es lat\u00e9rales pneumatiques &#8211; Table \u00e0 air en acier inoxydable &#8211; max. Format de feuille 105&#215;145 cm &#8211; hauteur des couches 165 mm<\/p>\n","protected":false},"featured_media":56911,"template":"","meta":[],"product_brand":[],"product_cat":[3068],"product_tag":[],"class_list":{"0":"post-91653","1":"product","2":"type-product","3":"status-publish","4":"has-post-thumbnail","6":"product_cat-tables-vibrantes","7":"pa_baujahr-158","8":"pa_hersteller-knorr","9":"pa_typ-rla-6-pl","11":"first","12":"instock","13":"sold-individually","14":"taxable","15":"shipping-taxable","16":"purchasable","17":"product-type-simple"},"jetpack_sharing_enabled":true,"_links":{"self":[{"href":"https:\/\/www.3p-gmbh.de\/fr\/wp-json\/wp\/v2\/product\/91653","targetHints":{"allow":["GET"]}}],"collection":[{"href":"https:\/\/www.3p-gmbh.de\/fr\/wp-json\/wp\/v2\/product"}],"about":[{"href":"https:\/\/www.3p-gmbh.de\/fr\/wp-json\/wp\/v2\/types\/product"}],"wp:featuredmedia":[{"embeddable":true,"href":"https:\/\/www.3p-gmbh.de\/fr\/wp-json\/wp\/v2\/media\/56911"}],"wp:attachment":[{"href":"https:\/\/www.3p-gmbh.de\/fr\/wp-json\/wp\/v2\/media?parent=91653"}],"wp:term":[{"taxonomy":"product_brand","embeddable":true,"href":"https:\/\/www.3p-gmbh.de\/fr\/wp-json\/wp\/v2\/product_brand?post=91653"},{"taxonomy":"product_cat","embeddable":true,"href":"https:\/\/www.3p-gmbh.de\/fr\/wp-json\/wp\/v2\/product_cat?post=91653"},{"taxonomy":"product_tag","embeddable":true,"href":"https:\/\/www.3p-gmbh.de\/fr\/wp-json\/wp\/v2\/product_tag?post=91653"}],"curies":[{"name":"wp","href":"https:\/\/api.w.org\/{rel}","templated":true}]}}