{"id":91651,"date":"2019-07-11T13:58:58","date_gmt":"2019-07-11T13:58:58","guid":{"rendered":"https:\/\/www.3p-gmbh.de\/produkt\/mkw-rapid-ut-12-production-de-brochures\/"},"modified":"2019-07-11T13:58:58","modified_gmt":"2019-07-11T13:58:58","slug":"fabrication-de-la-brochure-4","status":"publish","type":"product","link":"https:\/\/www.3p-gmbh.de\/fr\/produkt\/fabrication-de-la-brochure-4\/","title":{"rendered":"MKW Rapid UT 12 Production de brochures"},"content":{"rendered":"<p>Assembleuse \/ Brocheuse MKW Rapid UT 12\/B3\/GS + SFT 350<br \/>\nAnn\u00e9e de fabrication : 2008, Format : min. 10 x 14 cm , max. 35 x 50 cm<\/p>\n<p>\u00c9quipement : Assembleuse \u00e0 12 postes<br \/>\nCommande tactile TFT<br \/>\nTable \u00e0 courroie dent\u00e9e \u00e0 circulation avec fonction tandem 1:1 et 2:1 cadence<br \/>\nPossibilit\u00e9 de tir \u00e0 n&rsquo;importe quelle station<br \/>\nFonction de changement de carton \u00e0 n&rsquo;importe quelle station<br \/>\nVentouses \u00e0 bascule r\u00e9glables<br \/>\nsoufflage lat\u00e9ral et frontal<br \/>\nmax. hauteur d&#8217;empilage 700 mm<br \/>\nPoids du papier de 14 \u00e0 1000 g\/m2<br \/>\ncontr\u00f4le \u00e9lectronique auto-mesur\u00e9 des feuilles doubles et des feuilles manquantes<\/p>\n<p>Groupe de coupe pour pliage agrafage SFT 350<br \/>\nR\u00e9glage rapide du format<br \/>\nrognage frontal avec 6 cm de rognage minimal sur les couteaux sup\u00e9rieur et inf\u00e9rieur<br \/>\nAir de soufflage sur la lame<br \/>\nDispositif de pressage r\u00e9glable<br \/>\n2 t\u00eates d&rsquo;agrafage Hohner 48\/S<\/p>\n<p>Assemblage command\u00e9 par PC avec la s\u00e9rie MKW RAPID\u00ae UT<br \/>\nLe principe de la table tournante permet la production en tandem et garantit une qualit\u00e9 de production \u00e9lev\u00e9e.<br \/>\nun transport s\u00fbr et silencieux du papier.<\/p>\n<p>Fonction tandem<br \/>\nL&rsquo;activation du syst\u00e8me tandem se fait par simple changement sur le terminal de commande.<br \/>\nL&rsquo;utilisation en parall\u00e8le de deux stations \u00e0 la m\u00eame pression permet d&rsquo;\u00e9conomiser jusqu&rsquo;\u00e0 75% d&rsquo;\u00e9nergie.<br \/>\nun rendement de production plus \u00e9lev\u00e9.<\/p>\n<p>Fonction unique<br \/>\nAssemblage standard en mode 1:1<br \/>\nen cas de nombre \u00e9lev\u00e9 de pages.<\/p>\n<p>MKW RAPID UT &#8211; Commande<br \/>\nL&rsquo;utilisation d&rsquo;une technologie PC industrielle ultramoderne permet d&rsquo;obtenir une mesure pr\u00e9cise.<br \/>\nContr\u00f4le des syst\u00e8mes, contr\u00f4le la collecte des donn\u00e9es num\u00e9riques.<br \/>\net vous permet de vous connecter \u00e0 votre syst\u00e8me de production interne.<br \/>\nde contr\u00f4le.<br \/>\nLe syst\u00e8me de commande avec \u00e9cran TFT de haute qualit\u00e9 permet une<br \/>\nune utilisation simple des machines. Tous les r\u00e9glages sont effectu\u00e9s<br \/>\ngr\u00e2ce \u00e0 des menus logiques et structur\u00e9s qui sont facilement accessibles sur l&rsquo;\u00e9cran.<br \/>\n\u00eatre. Guidage de l&rsquo;utilisateur et affichage d&rsquo;\u00e9tat en couleur<br \/>\nassurent un d\u00e9roulement optimal de la production.<\/p>\n<p>Sauvegarde et rappel de la configuration des t\u00e2ches en quelques secondes<br \/>\nCompteurs de production combinables pour un tirage et une s\u00e9paration exacts<br \/>\nFonctions sp\u00e9ciales de s\u00e9rie programmables sur n&rsquo;importe quelle station<br \/>\nContr\u00f4le de qualit\u00e9 en s\u00e9rie gr\u00e2ce \u00e0 la surveillance des feuilles manquantes et des feuilles doubles par station<\/p>\n<p>\u00c9limination automatique des enregistrements d\u00e9fectueux pour un fonctionnement non-stop<br \/>\nS\u00e9lection dynamique des stations pour des temps de pr\u00e9paration tr\u00e8s courts lors du changement de commande<\/p>\n","protected":false},"excerpt":{"rendered":"<p>Assembleuse \/ Brocheuse MKW Rapid UT 12\/B3\/GS + SFT 350 Ann\u00e9e de fabrication : 2008, Format : min. 10 x 14 cm , max. 35 x 50 cm \u00c9quipement : Assembleuse \u00e0 12 postes Commande tactile TFT Table \u00e0 courroie dent\u00e9e \u00e0 circulation avec fonction tandem 1:1 et 2:1 cadence Possibilit\u00e9 de tir \u00e0 n&rsquo;importe [&hellip;]<\/p>\n","protected":false},"featured_media":56907,"template":"","meta":[],"product_brand":[],"product_cat":[2947],"product_tag":[],"class_list":{"0":"post-91651","1":"product","2":"type-product","3":"status-publish","4":"has-post-thumbnail","6":"product_cat-systemes-de-fabrication-de-brochures","7":"pa_baujahr-326","8":"pa_hersteller-mkw","9":"pa_typ-rapid-ut-12-b3-gs","11":"first","12":"instock","13":"sold-individually","14":"taxable","15":"shipping-taxable","16":"purchasable","17":"product-type-simple"},"jetpack_sharing_enabled":true,"_links":{"self":[{"href":"https:\/\/www.3p-gmbh.de\/fr\/wp-json\/wp\/v2\/product\/91651","targetHints":{"allow":["GET"]}}],"collection":[{"href":"https:\/\/www.3p-gmbh.de\/fr\/wp-json\/wp\/v2\/product"}],"about":[{"href":"https:\/\/www.3p-gmbh.de\/fr\/wp-json\/wp\/v2\/types\/product"}],"wp:featuredmedia":[{"embeddable":true,"href":"https:\/\/www.3p-gmbh.de\/fr\/wp-json\/wp\/v2\/media\/56907"}],"wp:attachment":[{"href":"https:\/\/www.3p-gmbh.de\/fr\/wp-json\/wp\/v2\/media?parent=91651"}],"wp:term":[{"taxonomy":"product_brand","embeddable":true,"href":"https:\/\/www.3p-gmbh.de\/fr\/wp-json\/wp\/v2\/product_brand?post=91651"},{"taxonomy":"product_cat","embeddable":true,"href":"https:\/\/www.3p-gmbh.de\/fr\/wp-json\/wp\/v2\/product_cat?post=91651"},{"taxonomy":"product_tag","embeddable":true,"href":"https:\/\/www.3p-gmbh.de\/fr\/wp-json\/wp\/v2\/product_tag?post=91651"}],"curies":[{"name":"wp","href":"https:\/\/api.w.org\/{rel}","templated":true}]}}