{"id":91647,"date":"2019-07-11T13:59:08","date_gmt":"2019-07-11T13:59:08","guid":{"rendered":"https:\/\/www.3p-gmbh.de\/produkt\/perceuse-a-papier-a-quatre-broches-hang-136-4\/"},"modified":"2019-07-11T13:59:08","modified_gmt":"2019-07-11T13:59:08","slug":"perceuse-a-papier-a-quatre-broches-3","status":"publish","type":"product","link":"https:\/\/www.3p-gmbh.de\/fr\/produkt\/perceuse-a-papier-a-quatre-broches-3\/","title":{"rendered":"Perceuse \u00e0 papier \u00e0 quatre broches Hang 136-4"},"content":{"rendered":"<p>&#8211; 4 broches avec levage automatique<br \/>\n&#8211; distance entre les trous r\u00e9glable de 36 mm \u00e0 260 mm<br \/>\n&#8211; Diam\u00e8tre du foret 3 &#8211; 8 mm<br \/>\n&#8211; Hauteur d&#8217;empilage jusqu&rsquo;\u00e0 max. 60 mm<br \/>\n&#8211; Vitesse de rotation du foret 1800 \u00b9\/min.<br \/>\n&#8211; Vitesse de course de la broche 21 \u00b9\/min<br \/>\n&#8211; profondeur de travail 120 mm<br \/>\n&#8211; but\u00e9e arri\u00e8re r\u00e9glable en continu de 6 \u00e0 120 mm avec \u00e9chelle gradu\u00e9e<br \/>\n&#8211; Bord avant de la table jusqu&rsquo;au centre du foret 300 mm<br \/>\n&#8211; Tension\/fr\u00e9quence : 400 volts, 3ph. 50 Hz.<\/p>\n","protected":false},"excerpt":{"rendered":"<p>&#8211; 4 broches avec levage automatique &#8211; distance entre les trous r\u00e9glable de 36 mm \u00e0 260 mm &#8211; Diam\u00e8tre du foret 3 &#8211; 8 mm &#8211; Hauteur d&#8217;empilage jusqu&rsquo;\u00e0 max. 60 mm &#8211; Vitesse de rotation du foret 1800 \u00b9\/min. &#8211; Vitesse de course de la broche 21 \u00b9\/min &#8211; profondeur de travail 120 [&hellip;]<\/p>\n","protected":false},"featured_media":56627,"template":"","meta":[],"product_brand":[],"product_cat":[2957],"product_tag":[],"class_list":{"0":"post-91647","1":"product","2":"type-product","3":"status-publish","4":"has-post-thumbnail","6":"product_cat-perceuses-a-papier","7":"pa_baujahr-194","8":"pa_hersteller-constantin-hang","9":"pa_typ-136-4","11":"first","12":"instock","13":"sold-individually","14":"taxable","15":"shipping-taxable","16":"purchasable","17":"product-type-simple"},"jetpack_sharing_enabled":true,"_links":{"self":[{"href":"https:\/\/www.3p-gmbh.de\/fr\/wp-json\/wp\/v2\/product\/91647","targetHints":{"allow":["GET"]}}],"collection":[{"href":"https:\/\/www.3p-gmbh.de\/fr\/wp-json\/wp\/v2\/product"}],"about":[{"href":"https:\/\/www.3p-gmbh.de\/fr\/wp-json\/wp\/v2\/types\/product"}],"wp:featuredmedia":[{"embeddable":true,"href":"https:\/\/www.3p-gmbh.de\/fr\/wp-json\/wp\/v2\/media\/56627"}],"wp:attachment":[{"href":"https:\/\/www.3p-gmbh.de\/fr\/wp-json\/wp\/v2\/media?parent=91647"}],"wp:term":[{"taxonomy":"product_brand","embeddable":true,"href":"https:\/\/www.3p-gmbh.de\/fr\/wp-json\/wp\/v2\/product_brand?post=91647"},{"taxonomy":"product_cat","embeddable":true,"href":"https:\/\/www.3p-gmbh.de\/fr\/wp-json\/wp\/v2\/product_cat?post=91647"},{"taxonomy":"product_tag","embeddable":true,"href":"https:\/\/www.3p-gmbh.de\/fr\/wp-json\/wp\/v2\/product_tag?post=91647"}],"curies":[{"name":"wp","href":"https:\/\/api.w.org\/{rel}","templated":true}]}}