{"id":91631,"date":"2019-07-11T13:59:08","date_gmt":"2019-07-11T13:59:08","guid":{"rendered":"https:\/\/www.3p-gmbh.de\/produkt\/machine-a-secouer-semi-format-polar-rb-2\/"},"modified":"2019-07-11T13:59:08","modified_gmt":"2019-07-11T13:59:08","slug":"machine-a-gratter-demi-format","status":"publish","type":"product","link":"https:\/\/www.3p-gmbh.de\/fr\/produkt\/machine-a-gratter-demi-format\/","title":{"rendered":"Machine \u00e0 secouer semi-format Polar RB-2"},"content":{"rendered":"<p>Machine \u00e0 secouer Polar RB 2<br \/>\nAnn\u00e9e de construction 2003<br \/>\nTable \u00e0 air Plage de format (surface de table utilisable) 72 x 87 cm<br \/>\nhauteur de la table r\u00e9glable en continu de 86 \u00e0 95 cm<\/p>\n","protected":false},"excerpt":{"rendered":"<p>Machine \u00e0 secouer Polar RB 2 Ann\u00e9e de construction 2003 Table \u00e0 air Plage de format (surface de table utilisable) 72 x 87 cm hauteur de la table r\u00e9glable en continu de 86 \u00e0 95 cm<\/p>\n","protected":false},"featured_media":56905,"template":"","meta":[],"product_brand":[],"product_cat":[3068],"product_tag":[],"class_list":{"0":"post-91631","1":"product","2":"type-product","3":"status-publish","4":"has-post-thumbnail","6":"product_cat-tables-vibrantes","7":"pa_baujahr-182","8":"pa_hersteller-polar-mohr-hofheim","9":"pa_typ-polar-rb-2","11":"first","12":"instock","13":"sold-individually","14":"taxable","15":"shipping-taxable","16":"purchasable","17":"product-type-simple"},"jetpack_sharing_enabled":true,"_links":{"self":[{"href":"https:\/\/www.3p-gmbh.de\/fr\/wp-json\/wp\/v2\/product\/91631","targetHints":{"allow":["GET"]}}],"collection":[{"href":"https:\/\/www.3p-gmbh.de\/fr\/wp-json\/wp\/v2\/product"}],"about":[{"href":"https:\/\/www.3p-gmbh.de\/fr\/wp-json\/wp\/v2\/types\/product"}],"wp:featuredmedia":[{"embeddable":true,"href":"https:\/\/www.3p-gmbh.de\/fr\/wp-json\/wp\/v2\/media\/56905"}],"wp:attachment":[{"href":"https:\/\/www.3p-gmbh.de\/fr\/wp-json\/wp\/v2\/media?parent=91631"}],"wp:term":[{"taxonomy":"product_brand","embeddable":true,"href":"https:\/\/www.3p-gmbh.de\/fr\/wp-json\/wp\/v2\/product_brand?post=91631"},{"taxonomy":"product_cat","embeddable":true,"href":"https:\/\/www.3p-gmbh.de\/fr\/wp-json\/wp\/v2\/product_cat?post=91631"},{"taxonomy":"product_tag","embeddable":true,"href":"https:\/\/www.3p-gmbh.de\/fr\/wp-json\/wp\/v2\/product_tag?post=91631"}],"curies":[{"name":"wp","href":"https:\/\/api.w.org\/{rel}","templated":true}]}}