{"id":91610,"date":"2019-12-03T15:34:42","date_gmt":"2019-12-03T15:34:42","guid":{"rendered":"https:\/\/www.3p-gmbh.de\/produkt\/stahlfolder-topline-td-66-4-avec-commande-dct-3eme-groupe-de-pliage-a-poches-heidelberg\/"},"modified":"2019-12-03T15:34:42","modified_gmt":"2019-12-03T15:34:42","slug":"stahlfolder-topline-td-66-4-avec-dct-commande-3-tes-poche-plieuse-heidelberg","status":"publish","type":"product","link":"https:\/\/www.3p-gmbh.de\/fr\/produkt\/stahlfolder-topline-td-66-4-avec-dct-commande-3-tes-poche-plieuse-heidelberg\/","title":{"rendered":"Stahlfolder Topline TD 66-4 avec commande DCT 3\u00e8me groupe de pliage \u00e0 poches Heidelberg"},"content":{"rendered":"<p>format 66 x 84cm<\/p>\n<p>Commande DCT<br \/>\nTable \u00e0 rouleaux inclin\u00e9e Position de la r\u00e8gle comme 3\u00e8me. Ouvrage avec 4 poches 66cm<br \/>\net arbre porte-lames en aval<\/p>\n","protected":false},"excerpt":{"rendered":"<p>format 66 x 84cm Commande DCT Table \u00e0 rouleaux inclin\u00e9e Position de la r\u00e8gle comme 3\u00e8me. Ouvrage avec 4 poches 66cm et arbre porte-lames en aval<\/p>\n","protected":false},"featured_media":58655,"template":"","meta":[],"product_brand":[],"product_cat":[2924],"product_tag":[],"class_list":{"0":"post-91610","1":"product","2":"type-product","3":"status-publish","4":"has-post-thumbnail","6":"product_cat-plieuses","7":"pa_hersteller-heidelberg-stahlfolder","8":"pa_typ-topline-td-66-4-mit-dct-steuerung","10":"first","11":"instock","12":"taxable","13":"shipping-taxable","14":"purchasable","15":"product-type-simple"},"jetpack_sharing_enabled":true,"_links":{"self":[{"href":"https:\/\/www.3p-gmbh.de\/fr\/wp-json\/wp\/v2\/product\/91610","targetHints":{"allow":["GET"]}}],"collection":[{"href":"https:\/\/www.3p-gmbh.de\/fr\/wp-json\/wp\/v2\/product"}],"about":[{"href":"https:\/\/www.3p-gmbh.de\/fr\/wp-json\/wp\/v2\/types\/product"}],"wp:featuredmedia":[{"embeddable":true,"href":"https:\/\/www.3p-gmbh.de\/fr\/wp-json\/wp\/v2\/media\/58655"}],"wp:attachment":[{"href":"https:\/\/www.3p-gmbh.de\/fr\/wp-json\/wp\/v2\/media?parent=91610"}],"wp:term":[{"taxonomy":"product_brand","embeddable":true,"href":"https:\/\/www.3p-gmbh.de\/fr\/wp-json\/wp\/v2\/product_brand?post=91610"},{"taxonomy":"product_cat","embeddable":true,"href":"https:\/\/www.3p-gmbh.de\/fr\/wp-json\/wp\/v2\/product_cat?post=91610"},{"taxonomy":"product_tag","embeddable":true,"href":"https:\/\/www.3p-gmbh.de\/fr\/wp-json\/wp\/v2\/product_tag?post=91610"}],"curies":[{"name":"wp","href":"https:\/\/api.w.org\/{rel}","templated":true}]}}