{"id":91606,"date":"2019-12-03T15:59:15","date_gmt":"2019-12-03T15:59:15","guid":{"rendered":"https:\/\/www.3p-gmbh.de\/produkt\/band-all-modele-ba-32-50-banderoleuse-mobile\/"},"modified":"2019-12-03T15:59:15","modified_gmt":"2019-12-03T15:59:15","slug":"banderoleuse-mobile-tout-terrain-modele-ba-32-50","status":"publish","type":"product","link":"https:\/\/www.3p-gmbh.de\/fr\/produkt\/banderoleuse-mobile-tout-terrain-modele-ba-32-50\/","title":{"rendered":"Band All mod\u00e8le BA 32-50 banderoleuse mobile"},"content":{"rendered":"<p>pour film plastique (m\u00eame extr\u00eamement fin) et ruban de papier<br \/>\nlargeur de bande : 50 mm<br \/>\nPaquets : 275 x 205 mm<br \/>\nPossibilit\u00e9 de m\u00e9moriser divers programmes<br \/>\nR\u00e9glage de la tension de la bande<br \/>\nR\u00e9glage du temps de soudage<br \/>\nR\u00e9glage de la longueur d&rsquo;ex\u00e9cution<br \/>\nDivers autres r\u00e9glages<br \/>\nRaccord pneumatique (air comprim\u00e9 \u00e0 fournir par le client)<br \/>\nRaccordement : 230 V<br \/>\nPoids env. kg<br \/>\nDimensions : 700 x 530 x 1.290 mm (L x P x H)<\/p>\n","protected":false},"excerpt":{"rendered":"<p>pour film plastique (m\u00eame extr\u00eamement fin) et ruban de papier largeur de bande : 50 mm Paquets : 275 x 205 mm Possibilit\u00e9 de m\u00e9moriser divers programmes R\u00e9glage de la tension de la bande R\u00e9glage du temps de soudage R\u00e9glage de la longueur d&rsquo;ex\u00e9cution Divers autres r\u00e9glages Raccord pneumatique (air comprim\u00e9 \u00e0 fournir par le [&hellip;]<\/p>\n","protected":false},"featured_media":58659,"template":"","meta":[],"product_brand":[],"product_cat":[2855],"product_tag":[],"class_list":{"0":"post-91606","1":"product","2":"type-product","3":"status-publish","4":"has-post-thumbnail","6":"product_cat-banderoleuses","7":"pa_hersteller-band-all","8":"pa_typ-ba-32-50","10":"first","11":"instock","12":"taxable","13":"shipping-taxable","14":"purchasable","15":"product-type-simple"},"jetpack_sharing_enabled":true,"_links":{"self":[{"href":"https:\/\/www.3p-gmbh.de\/fr\/wp-json\/wp\/v2\/product\/91606","targetHints":{"allow":["GET"]}}],"collection":[{"href":"https:\/\/www.3p-gmbh.de\/fr\/wp-json\/wp\/v2\/product"}],"about":[{"href":"https:\/\/www.3p-gmbh.de\/fr\/wp-json\/wp\/v2\/types\/product"}],"wp:featuredmedia":[{"embeddable":true,"href":"https:\/\/www.3p-gmbh.de\/fr\/wp-json\/wp\/v2\/media\/58659"}],"wp:attachment":[{"href":"https:\/\/www.3p-gmbh.de\/fr\/wp-json\/wp\/v2\/media?parent=91606"}],"wp:term":[{"taxonomy":"product_brand","embeddable":true,"href":"https:\/\/www.3p-gmbh.de\/fr\/wp-json\/wp\/v2\/product_brand?post=91606"},{"taxonomy":"product_cat","embeddable":true,"href":"https:\/\/www.3p-gmbh.de\/fr\/wp-json\/wp\/v2\/product_cat?post=91606"},{"taxonomy":"product_tag","embeddable":true,"href":"https:\/\/www.3p-gmbh.de\/fr\/wp-json\/wp\/v2\/product_tag?post=91606"}],"curies":[{"name":"wp","href":"https:\/\/api.w.org\/{rel}","templated":true}]}}