{"id":91589,"date":"2019-12-05T10:23:37","date_gmt":"2019-12-05T10:23:37","guid":{"rendered":"https:\/\/www.3p-gmbh.de\/produkt\/mega-stahl-normlicht-module-daccord-0b-avec-armoire-a-tiroirs-mega-stahl\/"},"modified":"2019-12-05T10:23:37","modified_gmt":"2019-12-05T10:23:37","slug":"mega-support-de-pupitre-daccord-en-acier-normalise-0b-avec-mega-armoire-a-tiroirs-en-acier","status":"publish","type":"product","link":"https:\/\/www.3p-gmbh.de\/fr\/produkt\/mega-support-de-pupitre-daccord-en-acier-normalise-0b-avec-mega-armoire-a-tiroirs-en-acier\/","title":{"rendered":"Mega Stahl Normlicht Module d&rsquo;accord 0B avec armoire \u00e0 tiroirs Mega Stahl"},"content":{"rendered":"<p>avec lampe de contr\u00f4le des couleurs asym\u00e9trique pour \u00e9viter les reflets et les ombres.<br \/>\nLampe de contr\u00f4le des couleurs avec tubes fluorescents sp\u00e9ciaux,<br \/>\npupitre inclin\u00e9 et panneau arri\u00e8re magn\u00e9tique \u00e9clair\u00e9 pour le format d&rsquo;impression 0B<br \/>\n1 panneau arri\u00e8re magn\u00e9tique Dimensions utiles 100 x 72 cm<\/p>\n","protected":false},"excerpt":{"rendered":"<p>avec lampe de contr\u00f4le des couleurs asym\u00e9trique pour \u00e9viter les reflets et les ombres. Lampe de contr\u00f4le des couleurs avec tubes fluorescents sp\u00e9ciaux, pupitre inclin\u00e9 et panneau arri\u00e8re magn\u00e9tique \u00e9clair\u00e9 pour le format d&rsquo;impression 0B 1 panneau arri\u00e8re magn\u00e9tique Dimensions utiles 100 x 72 cm<\/p>\n","protected":false},"featured_media":58690,"template":"","meta":[],"product_brand":[],"product_cat":[2930],"product_tag":[],"class_list":{"0":"post-91589","1":"product","2":"type-product","3":"status-publish","4":"has-post-thumbnail","6":"product_cat-instruments-de-mesure-et-assurance-qualite","7":"pa_hersteller-mega-stahl","9":"first","10":"instock","11":"taxable","12":"shipping-taxable","13":"purchasable","14":"product-type-simple"},"jetpack_sharing_enabled":true,"_links":{"self":[{"href":"https:\/\/www.3p-gmbh.de\/fr\/wp-json\/wp\/v2\/product\/91589","targetHints":{"allow":["GET"]}}],"collection":[{"href":"https:\/\/www.3p-gmbh.de\/fr\/wp-json\/wp\/v2\/product"}],"about":[{"href":"https:\/\/www.3p-gmbh.de\/fr\/wp-json\/wp\/v2\/types\/product"}],"wp:featuredmedia":[{"embeddable":true,"href":"https:\/\/www.3p-gmbh.de\/fr\/wp-json\/wp\/v2\/media\/58690"}],"wp:attachment":[{"href":"https:\/\/www.3p-gmbh.de\/fr\/wp-json\/wp\/v2\/media?parent=91589"}],"wp:term":[{"taxonomy":"product_brand","embeddable":true,"href":"https:\/\/www.3p-gmbh.de\/fr\/wp-json\/wp\/v2\/product_brand?post=91589"},{"taxonomy":"product_cat","embeddable":true,"href":"https:\/\/www.3p-gmbh.de\/fr\/wp-json\/wp\/v2\/product_cat?post=91589"},{"taxonomy":"product_tag","embeddable":true,"href":"https:\/\/www.3p-gmbh.de\/fr\/wp-json\/wp\/v2\/product_tag?post=91589"}],"curies":[{"name":"wp","href":"https:\/\/api.w.org\/{rel}","templated":true}]}}