{"id":91584,"date":"2019-12-09T10:16:15","date_gmt":"2019-12-09T10:16:15","guid":{"rendered":"https:\/\/www.3p-gmbh.de\/produkt\/ascenseurs-a-palettes-fac\/"},"modified":"2019-12-09T10:16:15","modified_gmt":"2019-12-09T10:16:15","slug":"monte-palettes-fac","status":"publish","type":"product","link":"https:\/\/www.3p-gmbh.de\/fr\/produkt\/monte-palettes-fac\/","title":{"rendered":"Ascenseurs \u00e0 palettes FAC"},"content":{"rendered":"<p>maintient les palettes \u00e0 la hauteur de travail optimale, le levage et l&rsquo;abaissement s&rsquo;effectuent \u00e0 l&rsquo;aide de boutons-poussoirs,<\/p>\n<p>les roulettes permettent un transport facile jusqu&rsquo;au poste de travail<br \/>\nlongueur de fourche 1100mm adapt\u00e9e aux europalettes standard<br \/>\npoids propre : 330 kg<br \/>\ncapacit\u00e9 de charge : 1200 kg<br \/>\nhauteur de levage : 1000 mm<br \/>\nAlimentation \u00e9lectrique : 380 V donc beaucoup mieux que les transpalettes \u00e0 ciseaux avec batterie<\/p>\n","protected":false},"excerpt":{"rendered":"<p>maintient les palettes \u00e0 la hauteur de travail optimale, le levage et l&rsquo;abaissement s&rsquo;effectuent \u00e0 l&rsquo;aide de boutons-poussoirs, les roulettes permettent un transport facile jusqu&rsquo;au poste de travail longueur de fourche 1100mm adapt\u00e9e aux europalettes standard poids propre : 330 kg capacit\u00e9 de charge : 1200 kg hauteur de levage : 1000 mm Alimentation \u00e9lectrique [&hellip;]<\/p>\n","protected":false},"featured_media":58741,"template":"","meta":[],"product_brand":[],"product_cat":[2977],"product_tag":[],"class_list":{"0":"post-91584","1":"product","2":"type-product","3":"status-publish","4":"has-post-thumbnail","6":"product_cat-elevateurs-de-piles-et-gerbeurs","7":"pa_typ-fac","9":"first","10":"instock","11":"taxable","12":"shipping-taxable","13":"purchasable","14":"product-type-simple"},"jetpack_sharing_enabled":true,"_links":{"self":[{"href":"https:\/\/www.3p-gmbh.de\/fr\/wp-json\/wp\/v2\/product\/91584","targetHints":{"allow":["GET"]}}],"collection":[{"href":"https:\/\/www.3p-gmbh.de\/fr\/wp-json\/wp\/v2\/product"}],"about":[{"href":"https:\/\/www.3p-gmbh.de\/fr\/wp-json\/wp\/v2\/types\/product"}],"wp:featuredmedia":[{"embeddable":true,"href":"https:\/\/www.3p-gmbh.de\/fr\/wp-json\/wp\/v2\/media\/58741"}],"wp:attachment":[{"href":"https:\/\/www.3p-gmbh.de\/fr\/wp-json\/wp\/v2\/media?parent=91584"}],"wp:term":[{"taxonomy":"product_brand","embeddable":true,"href":"https:\/\/www.3p-gmbh.de\/fr\/wp-json\/wp\/v2\/product_brand?post=91584"},{"taxonomy":"product_cat","embeddable":true,"href":"https:\/\/www.3p-gmbh.de\/fr\/wp-json\/wp\/v2\/product_cat?post=91584"},{"taxonomy":"product_tag","embeddable":true,"href":"https:\/\/www.3p-gmbh.de\/fr\/wp-json\/wp\/v2\/product_tag?post=91584"}],"curies":[{"name":"wp","href":"https:\/\/api.w.org\/{rel}","templated":true}]}}