{"id":91581,"date":"2019-12-05T14:43:49","date_gmt":"2019-12-05T14:43:49","guid":{"rendered":"https:\/\/www.3p-gmbh.de\/produkt\/coupeuse-wohlenberg-115-mcs-2\/"},"modified":"2019-12-05T14:43:49","modified_gmt":"2019-12-05T14:43:49","slug":"wohlenberg-115-mcs-2-coupeuse","status":"publish","type":"product","link":"https:\/\/www.3p-gmbh.de\/fr\/produkt\/wohlenberg-115-mcs-2-coupeuse\/","title":{"rendered":"Coupeuse Wohlenberg 115 MCS-2"},"content":{"rendered":"<p>nouvelle cellule photo\u00e9lectrique<br \/>\nMCS 2<br \/>\nTables a\u00e9riennes<br \/>\nTables lat\u00e9rales<\/p>\n","protected":false},"excerpt":{"rendered":"<p>nouvelle cellule photo\u00e9lectrique MCS 2 Tables a\u00e9riennes Tables lat\u00e9rales<\/p>\n","protected":false},"featured_media":58733,"template":"","meta":[],"product_brand":[],"product_cat":[3016],"product_tag":[],"class_list":{"0":"post-91581","1":"product","2":"type-product","3":"status-publish","4":"has-post-thumbnail","6":"product_cat-machines-de-decoupe","7":"pa_hersteller-wohlenberg","8":"pa_typ-115-mcs-2","10":"first","11":"instock","12":"taxable","13":"shipping-taxable","14":"purchasable","15":"product-type-simple"},"jetpack_sharing_enabled":true,"_links":{"self":[{"href":"https:\/\/www.3p-gmbh.de\/fr\/wp-json\/wp\/v2\/product\/91581","targetHints":{"allow":["GET"]}}],"collection":[{"href":"https:\/\/www.3p-gmbh.de\/fr\/wp-json\/wp\/v2\/product"}],"about":[{"href":"https:\/\/www.3p-gmbh.de\/fr\/wp-json\/wp\/v2\/types\/product"}],"wp:featuredmedia":[{"embeddable":true,"href":"https:\/\/www.3p-gmbh.de\/fr\/wp-json\/wp\/v2\/media\/58733"}],"wp:attachment":[{"href":"https:\/\/www.3p-gmbh.de\/fr\/wp-json\/wp\/v2\/media?parent=91581"}],"wp:term":[{"taxonomy":"product_brand","embeddable":true,"href":"https:\/\/www.3p-gmbh.de\/fr\/wp-json\/wp\/v2\/product_brand?post=91581"},{"taxonomy":"product_cat","embeddable":true,"href":"https:\/\/www.3p-gmbh.de\/fr\/wp-json\/wp\/v2\/product_cat?post=91581"},{"taxonomy":"product_tag","embeddable":true,"href":"https:\/\/www.3p-gmbh.de\/fr\/wp-json\/wp\/v2\/product_tag?post=91581"}],"curies":[{"name":"wp","href":"https:\/\/api.w.org\/{rel}","templated":true}]}}