{"id":91570,"date":"2019-12-09T10:19:45","date_gmt":"2019-12-09T10:19:45","guid":{"rendered":"https:\/\/www.3p-gmbh.de\/produkt\/leve-palettes-butler-1200\/"},"modified":"2019-12-09T10:19:45","modified_gmt":"2019-12-09T10:19:45","slug":"palettiseur-butler-1200","status":"publish","type":"product","link":"https:\/\/www.3p-gmbh.de\/fr\/produkt\/palettiseur-butler-1200\/","title":{"rendered":"L\u00e8ve-palettes Butler 1200"},"content":{"rendered":"<ul>\n<li>maintient les palettes \u00e0 la hauteur de travail optimale<\/li>\n<li>la mont\u00e9e et la descente s&rsquo;effectuent \u00e0 l&rsquo;aide d&rsquo;un bouton-poussoir \u00e0 impulsion<\/li>\n<li>les roulettes permettent un transport facile jusqu&rsquo;au poste de travail<\/li>\n<li>longueur de fourche 1100mm adapt\u00e9e aux europalettes standard<\/li>\n<li>poids propre : 330 kg<\/li>\n<li>capacit\u00e9 de charge : 1200 kg<\/li>\n<li>hauteur de levage : 1000 mm<\/li>\n<li>Alimentation \u00e9lectrique : 380 V, donc beaucoup mieux que les transpalettes \u00e0 ciseaux avec batterie<\/li>\n<\/ul>\n","protected":false},"excerpt":{"rendered":"<p>maintient les palettes \u00e0 la hauteur de travail optimale la mont\u00e9e et la descente s&rsquo;effectuent \u00e0 l&rsquo;aide d&rsquo;un bouton-poussoir \u00e0 impulsion les roulettes permettent un transport facile jusqu&rsquo;au poste de travail longueur de fourche 1100mm adapt\u00e9e aux europalettes standard poids propre : 330 kg capacit\u00e9 de charge : 1200 kg hauteur de levage : 1000 [&hellip;]<\/p>\n","protected":false},"featured_media":58740,"template":"","meta":[],"product_brand":[],"product_cat":[2977],"product_tag":[],"class_list":{"0":"post-91570","1":"product","2":"type-product","3":"status-publish","4":"has-post-thumbnail","6":"product_cat-elevateurs-de-piles-et-gerbeurs","7":"pa_typ-butler-1200","9":"first","10":"instock","11":"taxable","12":"shipping-taxable","13":"purchasable","14":"product-type-simple"},"jetpack_sharing_enabled":true,"_links":{"self":[{"href":"https:\/\/www.3p-gmbh.de\/fr\/wp-json\/wp\/v2\/product\/91570","targetHints":{"allow":["GET"]}}],"collection":[{"href":"https:\/\/www.3p-gmbh.de\/fr\/wp-json\/wp\/v2\/product"}],"about":[{"href":"https:\/\/www.3p-gmbh.de\/fr\/wp-json\/wp\/v2\/types\/product"}],"wp:featuredmedia":[{"embeddable":true,"href":"https:\/\/www.3p-gmbh.de\/fr\/wp-json\/wp\/v2\/media\/58740"}],"wp:attachment":[{"href":"https:\/\/www.3p-gmbh.de\/fr\/wp-json\/wp\/v2\/media?parent=91570"}],"wp:term":[{"taxonomy":"product_brand","embeddable":true,"href":"https:\/\/www.3p-gmbh.de\/fr\/wp-json\/wp\/v2\/product_brand?post=91570"},{"taxonomy":"product_cat","embeddable":true,"href":"https:\/\/www.3p-gmbh.de\/fr\/wp-json\/wp\/v2\/product_cat?post=91570"},{"taxonomy":"product_tag","embeddable":true,"href":"https:\/\/www.3p-gmbh.de\/fr\/wp-json\/wp\/v2\/product_tag?post=91570"}],"curies":[{"name":"wp","href":"https:\/\/api.w.org\/{rel}","templated":true}]}}