{"id":91566,"date":"2019-12-09T10:47:38","date_gmt":"2019-12-09T10:47:38","guid":{"rendered":"https:\/\/www.3p-gmbh.de\/produkt\/bickel-sfe-margeur-a-blocs-margeur-a-ventouses-margeur-coulissant\/"},"modified":"2019-12-09T10:47:38","modified_gmt":"2019-12-09T10:47:38","slug":"bickel-sfe-bloc-applicateur-ventouse-applicateur-coulissant","status":"publish","type":"product","link":"https:\/\/www.3p-gmbh.de\/fr\/produkt\/bickel-sfe-bloc-applicateur-ventouse-applicateur-coulissant\/","title":{"rendered":"Bickel SFE Margeur \u00e0 blocs Margeur \u00e0 ventouses Margeur coulissant"},"content":{"rendered":"<p>largeur d&rsquo;entr\u00e9e env. 48cm<br \/>\nlongueur du produit env. 46cm<\/p>\n","protected":false},"excerpt":{"rendered":"<p>largeur d&rsquo;entr\u00e9e env. 48cm longueur du produit env. 46cm<\/p>\n","protected":false},"featured_media":58755,"template":"","meta":[],"product_brand":[],"product_cat":[3029],"product_tag":[],"class_list":{"0":"post-91566","1":"product","2":"type-product","3":"status-publish","4":"has-post-thumbnail","6":"product_cat-investisseurs","7":"pa_hersteller-bickel","8":"pa_typ-sfe","10":"first","11":"instock","12":"taxable","13":"shipping-taxable","14":"purchasable","15":"product-type-simple"},"jetpack_sharing_enabled":true,"_links":{"self":[{"href":"https:\/\/www.3p-gmbh.de\/fr\/wp-json\/wp\/v2\/product\/91566","targetHints":{"allow":["GET"]}}],"collection":[{"href":"https:\/\/www.3p-gmbh.de\/fr\/wp-json\/wp\/v2\/product"}],"about":[{"href":"https:\/\/www.3p-gmbh.de\/fr\/wp-json\/wp\/v2\/types\/product"}],"wp:featuredmedia":[{"embeddable":true,"href":"https:\/\/www.3p-gmbh.de\/fr\/wp-json\/wp\/v2\/media\/58755"}],"wp:attachment":[{"href":"https:\/\/www.3p-gmbh.de\/fr\/wp-json\/wp\/v2\/media?parent=91566"}],"wp:term":[{"taxonomy":"product_brand","embeddable":true,"href":"https:\/\/www.3p-gmbh.de\/fr\/wp-json\/wp\/v2\/product_brand?post=91566"},{"taxonomy":"product_cat","embeddable":true,"href":"https:\/\/www.3p-gmbh.de\/fr\/wp-json\/wp\/v2\/product_cat?post=91566"},{"taxonomy":"product_tag","embeddable":true,"href":"https:\/\/www.3p-gmbh.de\/fr\/wp-json\/wp\/v2\/product_tag?post=91566"}],"curies":[{"name":"wp","href":"https:\/\/api.w.org\/{rel}","templated":true}]}}