{"id":91565,"date":"2019-12-09T16:47:58","date_gmt":"2019-12-09T16:47:58","guid":{"rendered":"https:\/\/www.3p-gmbh.de\/produkt\/plieuse-a-poches-stahl-topline-td-94-6-4-rd\/"},"modified":"2019-12-09T16:47:58","modified_gmt":"2019-12-09T16:47:58","slug":"acier-topline-td-94-6-4-rd-plieuse-a-poches","status":"publish","type":"product","link":"https:\/\/www.3p-gmbh.de\/fr\/produkt\/acier-topline-td-94-6-4-rd-plieuse-a-poches\/","title":{"rendered":"Plieuse \u00e0 poches Stahl Topline TD 94-6-4-RD"},"content":{"rendered":"<p>Format 94x128cm<\/p>\n<p>Margeur \u00e0 pile ronde RD 94 avec commande DCT et arbre porte-lames en amont<br \/>\n1er groupe de pliage avec 6 poches 94 cm, arbre porte-couteaux en aval<br \/>\n2\u00e8me groupe de pliage avec 4 poches 78 cm, arbre porte-couteaux en aval<br \/>\nSans \u00e9talage<\/p>\n<p>en option<\/p>\n<ul>\n<li>3\u00e8me groupe de pliage TD 66-4<br \/>\nAnn\u00e9e de construction 2000<br \/>\navec 4 poches 66 cm, arbre porte-lames en aval<\/li>\n<li>Sortie de botte Palamides BA-900<br \/>\nAnn\u00e9e de construction 2004<br \/>\navec triple faisceau<\/li>\n<\/ul>\n","protected":false},"excerpt":{"rendered":"<p>Format 94x128cm Margeur \u00e0 pile ronde RD 94 avec commande DCT et arbre porte-lames en amont 1er groupe de pliage avec 6 poches 94 cm, arbre porte-couteaux en aval 2\u00e8me groupe de pliage avec 4 poches 78 cm, arbre porte-couteaux en aval Sans \u00e9talage en option 3\u00e8me groupe de pliage TD 66-4 Ann\u00e9e de construction [&hellip;]<\/p>\n","protected":false},"featured_media":58778,"template":"","meta":[],"product_brand":[],"product_cat":[2984],"product_tag":[],"class_list":{"0":"post-91565","1":"product","2":"type-product","3":"status-publish","4":"has-post-thumbnail","6":"product_cat-plieuses-fr","7":"pa_hersteller-heidelberg-stahl","8":"pa_typ-td-94-6-4-rd","10":"first","11":"instock","12":"taxable","13":"shipping-taxable","14":"purchasable","15":"product-type-simple"},"jetpack_sharing_enabled":true,"_links":{"self":[{"href":"https:\/\/www.3p-gmbh.de\/fr\/wp-json\/wp\/v2\/product\/91565","targetHints":{"allow":["GET"]}}],"collection":[{"href":"https:\/\/www.3p-gmbh.de\/fr\/wp-json\/wp\/v2\/product"}],"about":[{"href":"https:\/\/www.3p-gmbh.de\/fr\/wp-json\/wp\/v2\/types\/product"}],"wp:featuredmedia":[{"embeddable":true,"href":"https:\/\/www.3p-gmbh.de\/fr\/wp-json\/wp\/v2\/media\/58778"}],"wp:attachment":[{"href":"https:\/\/www.3p-gmbh.de\/fr\/wp-json\/wp\/v2\/media?parent=91565"}],"wp:term":[{"taxonomy":"product_brand","embeddable":true,"href":"https:\/\/www.3p-gmbh.de\/fr\/wp-json\/wp\/v2\/product_brand?post=91565"},{"taxonomy":"product_cat","embeddable":true,"href":"https:\/\/www.3p-gmbh.de\/fr\/wp-json\/wp\/v2\/product_cat?post=91565"},{"taxonomy":"product_tag","embeddable":true,"href":"https:\/\/www.3p-gmbh.de\/fr\/wp-json\/wp\/v2\/product_tag?post=91565"}],"curies":[{"name":"wp","href":"https:\/\/api.w.org\/{rel}","templated":true}]}}