{"id":91550,"date":"2019-12-09T15:50:16","date_gmt":"2019-12-09T15:50:16","guid":{"rendered":"https:\/\/www.3p-gmbh.de\/produkt\/horizon-afc-492sc-2-plieuses-a-poches-avec-groupe-de-pliage-epee-perforation-et-rainage\/"},"modified":"2019-12-09T15:50:16","modified_gmt":"2019-12-09T15:50:16","slug":"horizon-afc-492sc-2-plieuses-poche-avec-plieuse-lourde-perforation-et-rainurage","status":"publish","type":"product","link":"https:\/\/www.3p-gmbh.de\/fr\/produkt\/horizon-afc-492sc-2-plieuses-poche-avec-plieuse-lourde-perforation-et-rainurage\/","title":{"rendered":"Horizon AFC-492sc 2 Plieuses \u00e0 poches avec groupe de pliage \u00e9p\u00e9e, perforation et rainage"},"content":{"rendered":"<p>Format : 490mm x 648mm (19.2&Prime; x 25.5&Prime;)<br \/>\n2 sacs, 1 \u00e9p\u00e9e<br \/>\nCompteur total et pr\u00e9s\u00e9lection<br \/>\nde simple \u00e0 16 pages de pliage<br \/>\njusqu&rsquo;\u00e0 12 000 feuilles par heure<\/p>\n<p>Id\u00e9al pour les imprimeries disposant de peu d&rsquo;espace.<br \/>\nAccessoires et manuel inclus<\/p>\n","protected":false},"excerpt":{"rendered":"<p>Format : 490mm x 648mm (19.2&Prime; x 25.5&Prime;) 2 sacs, 1 \u00e9p\u00e9e Compteur total et pr\u00e9s\u00e9lection de simple \u00e0 16 pages de pliage jusqu&rsquo;\u00e0 12 000 feuilles par heure Id\u00e9al pour les imprimeries disposant de peu d&rsquo;espace. Accessoires et manuel inclus<\/p>\n","protected":false},"featured_media":58770,"template":"","meta":[],"product_brand":[],"product_cat":[2984],"product_tag":[],"class_list":{"0":"post-91550","1":"product","2":"type-product","3":"status-publish","4":"has-post-thumbnail","6":"product_cat-plieuses-fr","7":"pa_hersteller-horizon","8":"pa_typ-afc-492sc","10":"first","11":"instock","12":"taxable","13":"shipping-taxable","14":"purchasable","15":"product-type-simple"},"jetpack_sharing_enabled":true,"_links":{"self":[{"href":"https:\/\/www.3p-gmbh.de\/fr\/wp-json\/wp\/v2\/product\/91550","targetHints":{"allow":["GET"]}}],"collection":[{"href":"https:\/\/www.3p-gmbh.de\/fr\/wp-json\/wp\/v2\/product"}],"about":[{"href":"https:\/\/www.3p-gmbh.de\/fr\/wp-json\/wp\/v2\/types\/product"}],"wp:featuredmedia":[{"embeddable":true,"href":"https:\/\/www.3p-gmbh.de\/fr\/wp-json\/wp\/v2\/media\/58770"}],"wp:attachment":[{"href":"https:\/\/www.3p-gmbh.de\/fr\/wp-json\/wp\/v2\/media?parent=91550"}],"wp:term":[{"taxonomy":"product_brand","embeddable":true,"href":"https:\/\/www.3p-gmbh.de\/fr\/wp-json\/wp\/v2\/product_brand?post=91550"},{"taxonomy":"product_cat","embeddable":true,"href":"https:\/\/www.3p-gmbh.de\/fr\/wp-json\/wp\/v2\/product_cat?post=91550"},{"taxonomy":"product_tag","embeddable":true,"href":"https:\/\/www.3p-gmbh.de\/fr\/wp-json\/wp\/v2\/product_tag?post=91550"}],"curies":[{"name":"wp","href":"https:\/\/api.w.org\/{rel}","templated":true}]}}