{"id":91546,"date":"2019-12-10T13:50:22","date_gmt":"2019-12-10T13:50:22","guid":{"rendered":"https:\/\/www.3p-gmbh.de\/produkt\/grieser-kunzmann-guk-ks-235-3-presentoir-debout-mobile-reglable-en-hauteur-petit-format\/"},"modified":"2019-12-10T13:50:22","modified_gmt":"2019-12-10T13:50:22","slug":"grieser-kunzmann-guk-ks-235-3-mobile-reglable-en-hauteur-petit-format-exposition-debout","status":"publish","type":"product","link":"https:\/\/www.3p-gmbh.de\/fr\/produkt\/grieser-kunzmann-guk-ks-235-3-mobile-reglable-en-hauteur-petit-format-exposition-debout\/","title":{"rendered":"Grieser &amp; Kunzmann GUK KS 235 \/ 3 Pr\u00e9sentoir debout mobile, r\u00e9glable en hauteur, petit format"},"content":{"rendered":"<p>avec convertisseur de fr\u00e9quence et compteur \u00e0 pr\u00e9s\u00e9lection<\/p>\n<p>Machines n\u00b0 55661<\/p>\n","protected":false},"excerpt":{"rendered":"<p>avec convertisseur de fr\u00e9quence et compteur \u00e0 pr\u00e9s\u00e9lection Machines n\u00b0 55661<\/p>\n","protected":false},"featured_media":58802,"template":"","meta":[],"product_brand":[],"product_cat":[2916],"product_tag":[],"class_list":{"0":"post-91546","1":"product","2":"type-product","3":"status-publish","4":"has-post-thumbnail","6":"product_cat-depenses","7":"pa_hersteller-grieser-kunzmann-guk","8":"pa_typ-ks-235-3","10":"first","11":"instock","12":"taxable","13":"shipping-taxable","14":"purchasable","15":"product-type-simple"},"jetpack_sharing_enabled":true,"_links":{"self":[{"href":"https:\/\/www.3p-gmbh.de\/fr\/wp-json\/wp\/v2\/product\/91546","targetHints":{"allow":["GET"]}}],"collection":[{"href":"https:\/\/www.3p-gmbh.de\/fr\/wp-json\/wp\/v2\/product"}],"about":[{"href":"https:\/\/www.3p-gmbh.de\/fr\/wp-json\/wp\/v2\/types\/product"}],"wp:featuredmedia":[{"embeddable":true,"href":"https:\/\/www.3p-gmbh.de\/fr\/wp-json\/wp\/v2\/media\/58802"}],"wp:attachment":[{"href":"https:\/\/www.3p-gmbh.de\/fr\/wp-json\/wp\/v2\/media?parent=91546"}],"wp:term":[{"taxonomy":"product_brand","embeddable":true,"href":"https:\/\/www.3p-gmbh.de\/fr\/wp-json\/wp\/v2\/product_brand?post=91546"},{"taxonomy":"product_cat","embeddable":true,"href":"https:\/\/www.3p-gmbh.de\/fr\/wp-json\/wp\/v2\/product_cat?post=91546"},{"taxonomy":"product_tag","embeddable":true,"href":"https:\/\/www.3p-gmbh.de\/fr\/wp-json\/wp\/v2\/product_tag?post=91546"}],"curies":[{"name":"wp","href":"https:\/\/api.w.org\/{rel}","templated":true}]}}