{"id":91538,"date":"2019-12-10T14:31:58","date_gmt":"2019-12-10T14:31:58","guid":{"rendered":"https:\/\/www.3p-gmbh.de\/produkt\/rietschle-cev-3709-compresseur-pour-coussins-dair\/"},"modified":"2019-12-10T14:31:58","modified_gmt":"2019-12-10T14:31:58","slug":"rietschle-cev-3709-compresseur-pour-coussin-dair","status":"publish","type":"product","link":"https:\/\/www.3p-gmbh.de\/fr\/produkt\/rietschle-cev-3709-compresseur-pour-coussin-dair\/","title":{"rendered":"Rietschle CEV 3709 Compresseur pour coussins d&rsquo;air"},"content":{"rendered":"<p>&#8211; Soufflerie radiale de trois \u00e0 cinq \u00e9tages pour le fonctionnement en pression<br \/>\n&#8211; Design compact<br \/>\n&#8211; Basse temp\u00e9rature m\u00eame en cas d&rsquo;\u00e9tranglement<br \/>\n&#8211; D\u00e9marrage rapide gr\u00e2ce \u00e0 des roues \u00e0 ailettes l\u00e9g\u00e8res<\/p>\n","protected":false},"excerpt":{"rendered":"<p>&#8211; Soufflerie radiale de trois \u00e0 cinq \u00e9tages pour le fonctionnement en pression &#8211; Design compact &#8211; Basse temp\u00e9rature m\u00eame en cas d&rsquo;\u00e9tranglement &#8211; D\u00e9marrage rapide gr\u00e2ce \u00e0 des roues \u00e0 ailettes l\u00e9g\u00e8res<\/p>\n","protected":false},"featured_media":58825,"template":"","meta":[],"product_brand":[],"product_cat":[2934],"product_tag":[],"class_list":{"0":"post-91538","1":"product","2":"type-product","3":"status-publish","4":"has-post-thumbnail","6":"product_cat-compresseurs-pompes-a-vide","7":"pa_hersteller-rietschle-elmo","8":"pa_typ-cev-3709","10":"first","11":"instock","12":"taxable","13":"shipping-taxable","14":"purchasable","15":"product-type-simple"},"jetpack_sharing_enabled":true,"_links":{"self":[{"href":"https:\/\/www.3p-gmbh.de\/fr\/wp-json\/wp\/v2\/product\/91538","targetHints":{"allow":["GET"]}}],"collection":[{"href":"https:\/\/www.3p-gmbh.de\/fr\/wp-json\/wp\/v2\/product"}],"about":[{"href":"https:\/\/www.3p-gmbh.de\/fr\/wp-json\/wp\/v2\/types\/product"}],"wp:featuredmedia":[{"embeddable":true,"href":"https:\/\/www.3p-gmbh.de\/fr\/wp-json\/wp\/v2\/media\/58825"}],"wp:attachment":[{"href":"https:\/\/www.3p-gmbh.de\/fr\/wp-json\/wp\/v2\/media?parent=91538"}],"wp:term":[{"taxonomy":"product_brand","embeddable":true,"href":"https:\/\/www.3p-gmbh.de\/fr\/wp-json\/wp\/v2\/product_brand?post=91538"},{"taxonomy":"product_cat","embeddable":true,"href":"https:\/\/www.3p-gmbh.de\/fr\/wp-json\/wp\/v2\/product_cat?post=91538"},{"taxonomy":"product_tag","embeddable":true,"href":"https:\/\/www.3p-gmbh.de\/fr\/wp-json\/wp\/v2\/product_tag?post=91538"}],"curies":[{"name":"wp","href":"https:\/\/api.w.org\/{rel}","templated":true}]}}