{"id":91534,"date":"2019-12-10T14:47:43","date_gmt":"2019-12-10T14:47:43","guid":{"rendered":"https:\/\/www.3p-gmbh.de\/produkt\/segment-de-table-a-air-polar-mohr-50x100-cm-sans-compresseur\/"},"modified":"2019-12-10T14:47:43","modified_gmt":"2019-12-10T14:47:43","slug":"polar-mohr-segments-de-table-air-50x100-cm-sans-compresseur","status":"publish","type":"product","link":"https:\/\/www.3p-gmbh.de\/fr\/produkt\/polar-mohr-segments-de-table-air-50x100-cm-sans-compresseur\/","title":{"rendered":"Segment de table \u00e0 air Polar Mohr 50&#215;100 cm (sans compresseur)"},"content":{"rendered":"<p>Surface Resophal avec but\u00e9e arri\u00e8re et protection des jambes<\/p>\n","protected":false},"excerpt":{"rendered":"<p>Surface Resophal avec but\u00e9e arri\u00e8re et protection des jambes<\/p>\n","protected":false},"featured_media":58828,"template":"","meta":[],"product_brand":[],"product_cat":[3016],"product_tag":[],"class_list":{"0":"post-91534","1":"product","2":"type-product","3":"status-publish","4":"has-post-thumbnail","6":"product_cat-machines-de-decoupe","7":"pa_hersteller-polar-mohr","8":"pa_typ-lufttischsegment","10":"first","11":"instock","12":"taxable","13":"shipping-taxable","14":"purchasable","15":"product-type-simple"},"jetpack_sharing_enabled":true,"_links":{"self":[{"href":"https:\/\/www.3p-gmbh.de\/fr\/wp-json\/wp\/v2\/product\/91534","targetHints":{"allow":["GET"]}}],"collection":[{"href":"https:\/\/www.3p-gmbh.de\/fr\/wp-json\/wp\/v2\/product"}],"about":[{"href":"https:\/\/www.3p-gmbh.de\/fr\/wp-json\/wp\/v2\/types\/product"}],"wp:featuredmedia":[{"embeddable":true,"href":"https:\/\/www.3p-gmbh.de\/fr\/wp-json\/wp\/v2\/media\/58828"}],"wp:attachment":[{"href":"https:\/\/www.3p-gmbh.de\/fr\/wp-json\/wp\/v2\/media?parent=91534"}],"wp:term":[{"taxonomy":"product_brand","embeddable":true,"href":"https:\/\/www.3p-gmbh.de\/fr\/wp-json\/wp\/v2\/product_brand?post=91534"},{"taxonomy":"product_cat","embeddable":true,"href":"https:\/\/www.3p-gmbh.de\/fr\/wp-json\/wp\/v2\/product_cat?post=91534"},{"taxonomy":"product_tag","embeddable":true,"href":"https:\/\/www.3p-gmbh.de\/fr\/wp-json\/wp\/v2\/product_tag?post=91534"}],"curies":[{"name":"wp","href":"https:\/\/api.w.org\/{rel}","templated":true}]}}