{"id":91500,"date":"2019-12-19T09:46:34","date_gmt":"2019-12-19T09:46:34","guid":{"rendered":"https:\/\/www.3p-gmbh.de\/produkt\/blitz-vxke-304-90-compresseur-a-piston-insonorise\/"},"modified":"2019-12-19T09:46:34","modified_gmt":"2019-12-19T09:46:34","slug":"blitz-vxke-304-90-compresseur-a-piston-etanche","status":"publish","type":"product","link":"https:\/\/www.3p-gmbh.de\/fr\/produkt\/blitz-vxke-304-90-compresseur-a-piston-etanche\/","title":{"rendered":"Blitz VXKE 304 &#8211; 90 Compresseur \u00e0 piston insonoris\u00e9"},"content":{"rendered":"<p>pour l&rsquo;air comprim\u00e9 exempt d&rsquo;huile et d&rsquo;eau<br \/>\n10 bar<br \/>\nCapacit\u00e9 de la chaudi\u00e8re 90 litres<\/p>\n","protected":false},"excerpt":{"rendered":"<p>pour l&rsquo;air comprim\u00e9 exempt d&rsquo;huile et d&rsquo;eau 10 bar Capacit\u00e9 de la chaudi\u00e8re 90 litres<\/p>\n","protected":false},"featured_media":58872,"template":"","meta":[],"product_brand":[],"product_cat":[2934],"product_tag":[],"class_list":{"0":"post-91500","1":"product","2":"type-product","3":"status-publish","4":"has-post-thumbnail","6":"product_cat-compresseurs-pompes-a-vide","7":"pa_hersteller-blitz","8":"pa_typ-vxke-304-90","10":"first","11":"instock","12":"taxable","13":"shipping-taxable","14":"purchasable","15":"product-type-simple"},"jetpack_sharing_enabled":true,"_links":{"self":[{"href":"https:\/\/www.3p-gmbh.de\/fr\/wp-json\/wp\/v2\/product\/91500","targetHints":{"allow":["GET"]}}],"collection":[{"href":"https:\/\/www.3p-gmbh.de\/fr\/wp-json\/wp\/v2\/product"}],"about":[{"href":"https:\/\/www.3p-gmbh.de\/fr\/wp-json\/wp\/v2\/types\/product"}],"wp:featuredmedia":[{"embeddable":true,"href":"https:\/\/www.3p-gmbh.de\/fr\/wp-json\/wp\/v2\/media\/58872"}],"wp:attachment":[{"href":"https:\/\/www.3p-gmbh.de\/fr\/wp-json\/wp\/v2\/media?parent=91500"}],"wp:term":[{"taxonomy":"product_brand","embeddable":true,"href":"https:\/\/www.3p-gmbh.de\/fr\/wp-json\/wp\/v2\/product_brand?post=91500"},{"taxonomy":"product_cat","embeddable":true,"href":"https:\/\/www.3p-gmbh.de\/fr\/wp-json\/wp\/v2\/product_cat?post=91500"},{"taxonomy":"product_tag","embeddable":true,"href":"https:\/\/www.3p-gmbh.de\/fr\/wp-json\/wp\/v2\/product_tag?post=91500"}],"curies":[{"name":"wp","href":"https:\/\/api.w.org\/{rel}","templated":true}]}}