{"id":91499,"date":"2019-12-13T14:56:29","date_gmt":"2019-12-13T14:56:29","guid":{"rendered":"https:\/\/www.3p-gmbh.de\/produkt\/variamixer-rn-20-melangeur-de-couleurs\/"},"modified":"2019-12-13T14:56:29","modified_gmt":"2019-12-13T14:56:29","slug":"variamixer-rn-20-melangeur-de-couleurs","status":"publish","type":"product","link":"https:\/\/www.3p-gmbh.de\/fr\/produkt\/variamixer-rn-20-melangeur-de-couleurs\/","title":{"rendered":"Variamixer &#8211; RN 20 M\u00e9langeur de couleurs"},"content":{"rendered":"<p>pour le m\u00e9lange rapide et intensif d&rsquo;encres d&rsquo;imprimerie.<br \/>\nEffet de m\u00e9lange en profondeur tout en faisant tourner le r\u00e9servoir d&rsquo;encre<br \/>\n&#8211; sans bulles ni grumeaux.<\/p>\n<p>avec capot de s\u00e9curit\u00e9<br \/>\n2 r\u00e9cipients de m\u00e9lange capacit\u00e9 2-20 kg<br \/>\nPuissance n\u00e9cessaire 0,75 kW<br \/>\ncourant triphas\u00e9 380V\/50 Hz<\/p>\n","protected":false},"excerpt":{"rendered":"<p>pour le m\u00e9lange rapide et intensif d&rsquo;encres d&rsquo;imprimerie. Effet de m\u00e9lange en profondeur tout en faisant tourner le r\u00e9servoir d&rsquo;encre &#8211; sans bulles ni grumeaux. avec capot de s\u00e9curit\u00e9 2 r\u00e9cipients de m\u00e9lange capacit\u00e9 2-20 kg Puissance n\u00e9cessaire 0,75 kW courant triphas\u00e9 380V\/50 Hz<\/p>\n","protected":false},"featured_media":58849,"template":"","meta":[],"product_brand":[],"product_cat":[2902],"product_tag":[],"class_list":{"0":"post-91499","1":"product","2":"type-product","3":"status-publish","4":"has-post-thumbnail","6":"product_cat-accessoires-et-pieces-de-rechange-pour-machines-dimpression","7":"pa_hersteller-variamixer","8":"pa_typ-rn-20","10":"first","11":"instock","12":"taxable","13":"shipping-taxable","14":"purchasable","15":"product-type-simple"},"jetpack_sharing_enabled":true,"_links":{"self":[{"href":"https:\/\/www.3p-gmbh.de\/fr\/wp-json\/wp\/v2\/product\/91499","targetHints":{"allow":["GET"]}}],"collection":[{"href":"https:\/\/www.3p-gmbh.de\/fr\/wp-json\/wp\/v2\/product"}],"about":[{"href":"https:\/\/www.3p-gmbh.de\/fr\/wp-json\/wp\/v2\/types\/product"}],"wp:featuredmedia":[{"embeddable":true,"href":"https:\/\/www.3p-gmbh.de\/fr\/wp-json\/wp\/v2\/media\/58849"}],"wp:attachment":[{"href":"https:\/\/www.3p-gmbh.de\/fr\/wp-json\/wp\/v2\/media?parent=91499"}],"wp:term":[{"taxonomy":"product_brand","embeddable":true,"href":"https:\/\/www.3p-gmbh.de\/fr\/wp-json\/wp\/v2\/product_brand?post=91499"},{"taxonomy":"product_cat","embeddable":true,"href":"https:\/\/www.3p-gmbh.de\/fr\/wp-json\/wp\/v2\/product_cat?post=91499"},{"taxonomy":"product_tag","embeddable":true,"href":"https:\/\/www.3p-gmbh.de\/fr\/wp-json\/wp\/v2\/product_tag?post=91499"}],"curies":[{"name":"wp","href":"https:\/\/api.w.org\/{rel}","templated":true}]}}