{"id":91472,"date":"2020-01-09T14:19:24","date_gmt":"2020-01-09T14:19:24","guid":{"rendered":"https:\/\/www.3p-gmbh.de\/produkt\/mbo-z2-plieuse-a-plis-croises-mobile-pivotant-a-180\/"},"modified":"2020-01-09T14:19:24","modified_gmt":"2020-01-09T14:19:24","slug":"mbo-z2-mobile-180-rotatif-pliage-en-croix","status":"publish","type":"product","link":"https:\/\/www.3p-gmbh.de\/fr\/produkt\/mbo-z2-mobile-180-rotatif-pliage-en-croix\/","title":{"rendered":"MBO Z2 Plieuse \u00e0 plis crois\u00e9s mobile, pivotant \u00e0 180"},"content":{"rendered":"<p><strong>MBO Z2 Plieuse \u00e0 plis crois\u00e9s mobile, pivotant \u00e0 180  <\/strong><\/p>\n<p>avec autopropulsion<\/p>\n","protected":false},"excerpt":{"rendered":"<p>MBO Z2 Plieuse \u00e0 plis crois\u00e9s mobile, pivotant \u00e0 180 avec autopropulsion<\/p>\n","protected":false},"featured_media":61386,"template":"","meta":[],"product_brand":[],"product_cat":[2924],"product_tag":[],"class_list":{"0":"post-91472","1":"product","2":"type-product","3":"status-publish","4":"has-post-thumbnail","6":"product_cat-plieuses","7":"pa_hersteller-mbo","8":"pa_typ-mbo-z2","10":"first","11":"instock","12":"taxable","13":"shipping-taxable","14":"purchasable","15":"product-type-simple"},"jetpack_sharing_enabled":true,"_links":{"self":[{"href":"https:\/\/www.3p-gmbh.de\/fr\/wp-json\/wp\/v2\/product\/91472","targetHints":{"allow":["GET"]}}],"collection":[{"href":"https:\/\/www.3p-gmbh.de\/fr\/wp-json\/wp\/v2\/product"}],"about":[{"href":"https:\/\/www.3p-gmbh.de\/fr\/wp-json\/wp\/v2\/types\/product"}],"wp:featuredmedia":[{"embeddable":true,"href":"https:\/\/www.3p-gmbh.de\/fr\/wp-json\/wp\/v2\/media\/61386"}],"wp:attachment":[{"href":"https:\/\/www.3p-gmbh.de\/fr\/wp-json\/wp\/v2\/media?parent=91472"}],"wp:term":[{"taxonomy":"product_brand","embeddable":true,"href":"https:\/\/www.3p-gmbh.de\/fr\/wp-json\/wp\/v2\/product_brand?post=91472"},{"taxonomy":"product_cat","embeddable":true,"href":"https:\/\/www.3p-gmbh.de\/fr\/wp-json\/wp\/v2\/product_cat?post=91472"},{"taxonomy":"product_tag","embeddable":true,"href":"https:\/\/www.3p-gmbh.de\/fr\/wp-json\/wp\/v2\/product_tag?post=91472"}],"curies":[{"name":"wp","href":"https:\/\/api.w.org\/{rel}","templated":true}]}}