{"id":91466,"date":"2020-01-09T11:15:37","date_gmt":"2020-01-09T11:15:37","guid":{"rendered":"https:\/\/www.3p-gmbh.de\/produkt\/dispositif-de-pressage-a-chaud-habasit-pq-51\/"},"modified":"2020-01-09T11:15:37","modified_gmt":"2020-01-09T11:15:37","slug":"dispositif-de-pressage-a-chaud-habasit-pq-51","status":"publish","type":"product","link":"https:\/\/www.3p-gmbh.de\/fr\/produkt\/dispositif-de-pressage-a-chaud-habasit-pq-51\/","title":{"rendered":"Dispositif de pressage \u00e0 chaud Habasit PQ 51"},"content":{"rendered":"<p>pour le jonctionnement final des sangles de machines et de broches Habasit<br \/>\njusqu&rsquo;\u00e0 une largeur de 50 mm et une \u00e9paisseur de 2,5 mm avec le proc\u00e9d\u00e9 Thermofix.<\/p>\n<p>&#8211; 1 presse \u00e0 chauffer<br \/>\n&#8211; avec pince coupante<br \/>\n&#8211; avec 4 rails de guidage dans les largeurs 20,25,30 et 40mm n\u00e9cessaires pour chaque application.<br \/>\n&#8211; 1 pince de refroidissement<br \/>\n&#8211; 2 pinces de maintien<br \/>\n&#8211; Valise<\/p>\n","protected":false},"excerpt":{"rendered":"<p>pour le jonctionnement final des sangles de machines et de broches Habasit jusqu&rsquo;\u00e0 une largeur de 50 mm et une \u00e9paisseur de 2,5 mm avec le proc\u00e9d\u00e9 Thermofix. &#8211; 1 presse \u00e0 chauffer &#8211; avec pince coupante &#8211; avec 4 rails de guidage dans les largeurs 20,25,30 et 40mm n\u00e9cessaires pour chaque application. &#8211; 1 [&hellip;]<\/p>\n","protected":false},"featured_media":58929,"template":"","meta":[],"product_brand":[],"product_cat":[2886],"product_tag":[],"class_list":{"0":"post-91466","1":"product","2":"type-product","3":"status-publish","4":"has-post-thumbnail","6":"product_cat-accessoires-pour-plieuses","8":"first","9":"instock","10":"taxable","11":"shipping-taxable","12":"purchasable","13":"product-type-simple"},"jetpack_sharing_enabled":true,"_links":{"self":[{"href":"https:\/\/www.3p-gmbh.de\/fr\/wp-json\/wp\/v2\/product\/91466","targetHints":{"allow":["GET"]}}],"collection":[{"href":"https:\/\/www.3p-gmbh.de\/fr\/wp-json\/wp\/v2\/product"}],"about":[{"href":"https:\/\/www.3p-gmbh.de\/fr\/wp-json\/wp\/v2\/types\/product"}],"wp:featuredmedia":[{"embeddable":true,"href":"https:\/\/www.3p-gmbh.de\/fr\/wp-json\/wp\/v2\/media\/58929"}],"wp:attachment":[{"href":"https:\/\/www.3p-gmbh.de\/fr\/wp-json\/wp\/v2\/media?parent=91466"}],"wp:term":[{"taxonomy":"product_brand","embeddable":true,"href":"https:\/\/www.3p-gmbh.de\/fr\/wp-json\/wp\/v2\/product_brand?post=91466"},{"taxonomy":"product_cat","embeddable":true,"href":"https:\/\/www.3p-gmbh.de\/fr\/wp-json\/wp\/v2\/product_cat?post=91466"},{"taxonomy":"product_tag","embeddable":true,"href":"https:\/\/www.3p-gmbh.de\/fr\/wp-json\/wp\/v2\/product_tag?post=91466"}],"curies":[{"name":"wp","href":"https:\/\/api.w.org\/{rel}","templated":true}]}}