{"id":91462,"date":"2020-01-13T11:26:34","date_gmt":"2020-01-13T11:26:34","guid":{"rendered":"https:\/\/www.3p-gmbh.de\/produkt\/korrex-max-simmel-presse-a-haute-pression-pour-enlever-les-nouilles-modele-nuremberg\/"},"modified":"2020-01-13T11:26:34","modified_gmt":"2020-01-13T11:26:34","slug":"korrex-max-simmel-haute-pression-presse-a-decoller-modele-de-pates-nuernberg","status":"publish","type":"product","link":"https:\/\/www.3p-gmbh.de\/fr\/produkt\/korrex-max-simmel-haute-pression-presse-a-decoller-modele-de-pates-nuernberg\/","title":{"rendered":"Korrex Max Simmel presse \u00e0 haute pression pour enlever les nouilles mod\u00e8le Nuremberg"},"content":{"rendered":"<p>Fabriqu\u00e9es \u00e0 l&rsquo;origine comme presses de correction pour les compositeurs, faciles \u00e0 utiliser, elles fournissent des impressions propres et avec des bords nets gr\u00e2ce au cylindre d&rsquo;impression avec pince \u00e0 feuilles.<br \/>\nLes linogravures ou les gravures sur bois plus grandes et plus plates sont imprim\u00e9es en entier, tout comme les inscriptions sur les affiches !<\/p>\n<p>&#8211; Dimensions des fondations : environ 40&#215;50 cm<br \/>\n&#8211; avec table d&rsquo;application pour feuilles format 38x50cm<br \/>\n&#8211; Cylindre d&rsquo;impression avec ascenseur et pinces<br \/>\n&#8211; m\u00e9canisme d&rsquo;encrage \u00e9lectrique avec 1 rouleau d&rsquo;encrage, 2 rouleaux d&rsquo;encrage en caoutchouc (neufs \u00e0 la livraison) et 2 rouleaux d&rsquo;encrage en acier, dont un changeant<\/p>\n","protected":false},"excerpt":{"rendered":"<p>Fabriqu\u00e9es \u00e0 l&rsquo;origine comme presses de correction pour les compositeurs, faciles \u00e0 utiliser, elles fournissent des impressions propres et avec des bords nets gr\u00e2ce au cylindre d&rsquo;impression avec pince \u00e0 feuilles. Les linogravures ou les gravures sur bois plus grandes et plus plates sont imprim\u00e9es en entier, tout comme les inscriptions sur les affiches ! [&hellip;]<\/p>\n","protected":false},"featured_media":58957,"template":"","meta":[],"product_brand":[],"product_cat":[2881],"product_tag":[],"class_list":{"0":"post-91462","1":"product","2":"type-product","3":"status-publish","4":"has-post-thumbnail","6":"product_cat-impression-de-livres","7":"pa_hersteller-korrex","8":"pa_typ-nuernberg","10":"first","11":"instock","12":"taxable","13":"shipping-taxable","14":"purchasable","15":"product-type-simple"},"jetpack_sharing_enabled":true,"_links":{"self":[{"href":"https:\/\/www.3p-gmbh.de\/fr\/wp-json\/wp\/v2\/product\/91462","targetHints":{"allow":["GET"]}}],"collection":[{"href":"https:\/\/www.3p-gmbh.de\/fr\/wp-json\/wp\/v2\/product"}],"about":[{"href":"https:\/\/www.3p-gmbh.de\/fr\/wp-json\/wp\/v2\/types\/product"}],"wp:featuredmedia":[{"embeddable":true,"href":"https:\/\/www.3p-gmbh.de\/fr\/wp-json\/wp\/v2\/media\/58957"}],"wp:attachment":[{"href":"https:\/\/www.3p-gmbh.de\/fr\/wp-json\/wp\/v2\/media?parent=91462"}],"wp:term":[{"taxonomy":"product_brand","embeddable":true,"href":"https:\/\/www.3p-gmbh.de\/fr\/wp-json\/wp\/v2\/product_brand?post=91462"},{"taxonomy":"product_cat","embeddable":true,"href":"https:\/\/www.3p-gmbh.de\/fr\/wp-json\/wp\/v2\/product_cat?post=91462"},{"taxonomy":"product_tag","embeddable":true,"href":"https:\/\/www.3p-gmbh.de\/fr\/wp-json\/wp\/v2\/product_tag?post=91462"}],"curies":[{"name":"wp","href":"https:\/\/api.w.org\/{rel}","templated":true}]}}