{"id":91451,"date":"2020-02-10T12:58:11","date_gmt":"2020-02-10T12:58:11","guid":{"rendered":"https:\/\/www.3p-gmbh.de\/produkt\/plieuse-a-quatre-poches-avec-margeur-circulaire-acier-td-52-4-rd-avec-sortie-a-nappe\/"},"modified":"2020-02-10T12:58:11","modified_gmt":"2020-02-10T12:58:11","slug":"plieuse-a-quatre-poches-avec-margeur-de-pile-circulaire-acier-td-52-4-rd-avec-sortie-a-ecailles","status":"publish","type":"product","link":"https:\/\/www.3p-gmbh.de\/fr\/produkt\/plieuse-a-quatre-poches-avec-margeur-de-pile-circulaire-acier-td-52-4-rd-avec-sortie-a-ecailles\/","title":{"rendered":"Plieuse \u00e0 quatre poches avec margeur circulaire acier TD 52-4-RD avec sortie \u00e0 nappe"},"content":{"rendered":"<p>Plieuse \u00e0 poches acier TD 52-4-RD avec sortie en \u00e9cailles<br \/>\nEmpileur circulaire avec commande DCT<br \/>\n4 poches 52cm, arbre porte-lames en aval<br \/>\nsortie \u00e0 \u00e9cailles accrochable<\/p>\n","protected":false},"excerpt":{"rendered":"<p>Plieuse \u00e0 poches acier TD 52-4-RD avec sortie en \u00e9cailles Empileur circulaire avec commande DCT 4 poches 52cm, arbre porte-lames en aval sortie \u00e0 \u00e9cailles accrochable<\/p>\n","protected":false},"featured_media":59026,"template":"","meta":[],"product_brand":[],"product_cat":[2984],"product_tag":[],"class_list":{"0":"post-91451","1":"product","2":"type-product","3":"status-publish","4":"has-post-thumbnail","6":"product_cat-plieuses-fr","7":"pa_hersteller-stahl","8":"pa_typ-td-52-4-rd","10":"first","11":"instock","12":"taxable","13":"shipping-taxable","14":"purchasable","15":"product-type-simple"},"jetpack_sharing_enabled":true,"_links":{"self":[{"href":"https:\/\/www.3p-gmbh.de\/fr\/wp-json\/wp\/v2\/product\/91451","targetHints":{"allow":["GET"]}}],"collection":[{"href":"https:\/\/www.3p-gmbh.de\/fr\/wp-json\/wp\/v2\/product"}],"about":[{"href":"https:\/\/www.3p-gmbh.de\/fr\/wp-json\/wp\/v2\/types\/product"}],"wp:featuredmedia":[{"embeddable":true,"href":"https:\/\/www.3p-gmbh.de\/fr\/wp-json\/wp\/v2\/media\/59026"}],"wp:attachment":[{"href":"https:\/\/www.3p-gmbh.de\/fr\/wp-json\/wp\/v2\/media?parent=91451"}],"wp:term":[{"taxonomy":"product_brand","embeddable":true,"href":"https:\/\/www.3p-gmbh.de\/fr\/wp-json\/wp\/v2\/product_brand?post=91451"},{"taxonomy":"product_cat","embeddable":true,"href":"https:\/\/www.3p-gmbh.de\/fr\/wp-json\/wp\/v2\/product_cat?post=91451"},{"taxonomy":"product_tag","embeddable":true,"href":"https:\/\/www.3p-gmbh.de\/fr\/wp-json\/wp\/v2\/product_tag?post=91451"}],"curies":[{"name":"wp","href":"https:\/\/api.w.org\/{rel}","templated":true}]}}