{"id":91444,"date":"2020-02-03T15:37:40","date_gmt":"2020-02-03T15:37:40","guid":{"rendered":"https:\/\/www.3p-gmbh.de\/produkt\/4-poches-petit-format-plieuse-pharmaceutique-guk-fa-35-4-sva-35-var-sortie-petit-format-suspendue-debout-guk-ks-310\/"},"modified":"2020-02-03T15:37:40","modified_gmt":"2020-02-03T15:37:40","slug":"4-poches-petit-format-plieuse-pharmaceutique-guk-fa-35-4-sva-35-var-petits-formats-pour-emboitement-debout-guk-ks-310","status":"publish","type":"product","link":"https:\/\/www.3p-gmbh.de\/fr\/produkt\/4-poches-petit-format-plieuse-pharmaceutique-guk-fa-35-4-sva-35-var-petits-formats-pour-emboitement-debout-guk-ks-310\/","title":{"rendered":"4 poches petit format Plieuse pharmaceutique GUK FA 35-4-SVA 35 VAR Sortie petit format suspendue debout GUK KS 310"},"content":{"rendered":"<p>4 poches petit format Plieuse pharmaceutique GUK FA 35-4-SVA 35 VAR<br \/>\nRouleaux de pliage nouveau en 2015<br \/>\nMachine r\u00e9vis\u00e9e en bon \u00e9tat<\/p>\n<p>&#8211; Margeur automatique \u00e0 tambour SVA pour papiers de 30 \u00e0 180 g\/m2<br \/>\n&#8211; Compteur IZVA 366 T<br \/>\n&#8211; Plieuse 1 avec 4 poches de 35 cm de largeur d&rsquo;entr\u00e9e et 4 poches aveugles<br \/>\n&#8211; Pr\u00e9sentoir vertical petit format \u00e0 accrocher GUK KS 310<\/p>\n<p>-manuel de la machine<\/p>\n<p>format max Station I : 32 x 65 cm<br \/>\nmin Format Station I : 6 x 9 cm<br \/>\nPliage le plus petit : 15 mm<\/p>\n","protected":false},"excerpt":{"rendered":"<p>4 poches petit format Plieuse pharmaceutique GUK FA 35-4-SVA 35 VAR Rouleaux de pliage nouveau en 2015 Machine r\u00e9vis\u00e9e en bon \u00e9tat &#8211; Margeur automatique \u00e0 tambour SVA pour papiers de 30 \u00e0 180 g\/m2 &#8211; Compteur IZVA 366 T &#8211; Plieuse 1 avec 4 poches de 35 cm de largeur d&rsquo;entr\u00e9e et 4 poches [&hellip;]<\/p>\n","protected":false},"featured_media":59003,"template":"","meta":[],"product_brand":[],"product_cat":[2984],"product_tag":[],"class_list":{"0":"post-91444","1":"product","2":"type-product","3":"status-publish","4":"has-post-thumbnail","6":"product_cat-plieuses-fr","7":"pa_hersteller-grieser-kunzmann-guk","8":"pa_typ-guk-fa-35-4-sva-35-var","10":"first","11":"outofstock","12":"sold-individually","13":"taxable","14":"shipping-taxable","15":"purchasable","16":"product-type-simple"},"jetpack_sharing_enabled":true,"_links":{"self":[{"href":"https:\/\/www.3p-gmbh.de\/fr\/wp-json\/wp\/v2\/product\/91444","targetHints":{"allow":["GET"]}}],"collection":[{"href":"https:\/\/www.3p-gmbh.de\/fr\/wp-json\/wp\/v2\/product"}],"about":[{"href":"https:\/\/www.3p-gmbh.de\/fr\/wp-json\/wp\/v2\/types\/product"}],"wp:featuredmedia":[{"embeddable":true,"href":"https:\/\/www.3p-gmbh.de\/fr\/wp-json\/wp\/v2\/media\/59003"}],"wp:attachment":[{"href":"https:\/\/www.3p-gmbh.de\/fr\/wp-json\/wp\/v2\/media?parent=91444"}],"wp:term":[{"taxonomy":"product_brand","embeddable":true,"href":"https:\/\/www.3p-gmbh.de\/fr\/wp-json\/wp\/v2\/product_brand?post=91444"},{"taxonomy":"product_cat","embeddable":true,"href":"https:\/\/www.3p-gmbh.de\/fr\/wp-json\/wp\/v2\/product_cat?post=91444"},{"taxonomy":"product_tag","embeddable":true,"href":"https:\/\/www.3p-gmbh.de\/fr\/wp-json\/wp\/v2\/product_tag?post=91444"}],"curies":[{"name":"wp","href":"https:\/\/api.w.org\/{rel}","templated":true}]}}