{"id":91441,"date":"2020-02-06T11:05:33","date_gmt":"2020-02-06T11:05:33","guid":{"rendered":"https:\/\/www.3p-gmbh.de\/produkt\/mbo-t-700-4-r-plieuse-a-poches-perfection\/"},"modified":"2020-02-06T11:05:33","modified_gmt":"2020-02-06T11:05:33","slug":"mbo-t-700-4-r-perfection-poche-plieuse","status":"publish","type":"product","link":"https:\/\/www.3p-gmbh.de\/fr\/produkt\/mbo-t-700-4-r-perfection-poche-plieuse\/","title":{"rendered":"MBO T 700-4-R Plieuse \u00e0 poches Perfection"},"content":{"rendered":"<ul>\n<li>Margeur \u00e0 pile ronde Dualfeed avec MC Kontrol et syst\u00e8me d&rsquo;alimentation en feuilles Vivas par bandes aspirantes<\/li>\n<li>Plieuse 1 avec 4 plaques combin\u00e9es 68 cm<\/li>\n<li>axes d&rsquo;arbre \u00e0 lames simples<\/li>\n<li>sans \u00e9talage<\/li>\n<\/ul>\n<p>en option :<\/p>\n<ul>\n<li>2\u00e8me groupe de pliage T 700-2-68-4<\/li>\n<li>avec table \u00e0 rouleaux High-Speed et 4 Combiplates 68cm<\/li>\n<li>avec axe simple d&rsquo;arbre \u00e0 lames en aval<\/li>\n<\/ul>\n","protected":false},"excerpt":{"rendered":"<p>Margeur \u00e0 pile ronde Dualfeed avec MC Kontrol et syst\u00e8me d&rsquo;alimentation en feuilles Vivas par bandes aspirantes Plieuse 1 avec 4 plaques combin\u00e9es 68 cm axes d&rsquo;arbre \u00e0 lames simples sans \u00e9talage en option : 2\u00e8me groupe de pliage T 700-2-68-4 avec table \u00e0 rouleaux High-Speed et 4 Combiplates 68cm avec axe simple d&rsquo;arbre \u00e0 [&hellip;]<\/p>\n","protected":false},"featured_media":59015,"template":"","meta":[],"product_brand":[],"product_cat":[2984],"product_tag":[],"class_list":{"0":"post-91441","1":"product","2":"type-product","3":"status-publish","4":"has-post-thumbnail","6":"product_cat-plieuses-fr","7":"pa_bezeichnung_typ-t-700-4-r","8":"pa_hersteller-mbo-maschinenbau-oppenweiler-binder-gmbh","10":"first","11":"instock","12":"taxable","13":"shipping-taxable","14":"purchasable","15":"product-type-simple"},"jetpack_sharing_enabled":true,"_links":{"self":[{"href":"https:\/\/www.3p-gmbh.de\/fr\/wp-json\/wp\/v2\/product\/91441","targetHints":{"allow":["GET"]}}],"collection":[{"href":"https:\/\/www.3p-gmbh.de\/fr\/wp-json\/wp\/v2\/product"}],"about":[{"href":"https:\/\/www.3p-gmbh.de\/fr\/wp-json\/wp\/v2\/types\/product"}],"wp:featuredmedia":[{"embeddable":true,"href":"https:\/\/www.3p-gmbh.de\/fr\/wp-json\/wp\/v2\/media\/59015"}],"wp:attachment":[{"href":"https:\/\/www.3p-gmbh.de\/fr\/wp-json\/wp\/v2\/media?parent=91441"}],"wp:term":[{"taxonomy":"product_brand","embeddable":true,"href":"https:\/\/www.3p-gmbh.de\/fr\/wp-json\/wp\/v2\/product_brand?post=91441"},{"taxonomy":"product_cat","embeddable":true,"href":"https:\/\/www.3p-gmbh.de\/fr\/wp-json\/wp\/v2\/product_cat?post=91441"},{"taxonomy":"product_tag","embeddable":true,"href":"https:\/\/www.3p-gmbh.de\/fr\/wp-json\/wp\/v2\/product_tag?post=91441"}],"curies":[{"name":"wp","href":"https:\/\/api.w.org\/{rel}","templated":true}]}}