{"id":91432,"date":"2020-02-19T10:03:02","date_gmt":"2020-02-19T10:03:02","guid":{"rendered":"https:\/\/www.3p-gmbh.de\/produkt\/baumer-hhs-c-210-dispositif-de-collage-a-froid-2\/"},"modified":"2020-02-19T10:03:02","modified_gmt":"2020-02-19T10:03:02","slug":"baumer-hhs-c-210-dispositif-de-collage-a-froid-2","status":"publish","type":"product","link":"https:\/\/www.3p-gmbh.de\/fr\/produkt\/baumer-hhs-c-210-dispositif-de-collage-a-froid-2\/","title":{"rendered":"Baumer HHS C-210 Dispositif de collage \u00e0 froid"},"content":{"rendered":"<p>Unit\u00e9 de contr\u00f4le \u00e0 2 canaux, HHS C-210<br \/>\nR\u00e9servoir de colle froide avec valve pneumatique et console pour l&rsquo;appareil de commande<br \/>\nBarri\u00e8res photo\u00e9lectriques,<br \/>\n1 encodeur rotatif<br \/>\net une buse d&rsquo;application (dans son emballage d&rsquo;origine)<br \/>\nManuel<\/p>\n","protected":false},"excerpt":{"rendered":"<p>Unit\u00e9 de contr\u00f4le \u00e0 2 canaux, HHS C-210 R\u00e9servoir de colle froide avec valve pneumatique et console pour l&rsquo;appareil de commande Barri\u00e8res photo\u00e9lectriques, 1 encodeur rotatif et une buse d&rsquo;application (dans son emballage d&rsquo;origine) Manuel<\/p>\n","protected":false},"featured_media":59046,"template":"","meta":[],"product_brand":[],"product_cat":[2886],"product_tag":[],"class_list":{"0":"post-91432","1":"product","2":"type-product","3":"status-publish","4":"has-post-thumbnail","6":"product_cat-accessoires-pour-plieuses","7":"pa_hersteller-baumer-hhs","8":"pa_typ-c-210","10":"first","11":"instock","12":"taxable","13":"shipping-taxable","14":"purchasable","15":"product-type-simple"},"jetpack_sharing_enabled":true,"_links":{"self":[{"href":"https:\/\/www.3p-gmbh.de\/fr\/wp-json\/wp\/v2\/product\/91432","targetHints":{"allow":["GET"]}}],"collection":[{"href":"https:\/\/www.3p-gmbh.de\/fr\/wp-json\/wp\/v2\/product"}],"about":[{"href":"https:\/\/www.3p-gmbh.de\/fr\/wp-json\/wp\/v2\/types\/product"}],"wp:featuredmedia":[{"embeddable":true,"href":"https:\/\/www.3p-gmbh.de\/fr\/wp-json\/wp\/v2\/media\/59046"}],"wp:attachment":[{"href":"https:\/\/www.3p-gmbh.de\/fr\/wp-json\/wp\/v2\/media?parent=91432"}],"wp:term":[{"taxonomy":"product_brand","embeddable":true,"href":"https:\/\/www.3p-gmbh.de\/fr\/wp-json\/wp\/v2\/product_brand?post=91432"},{"taxonomy":"product_cat","embeddable":true,"href":"https:\/\/www.3p-gmbh.de\/fr\/wp-json\/wp\/v2\/product_cat?post=91432"},{"taxonomy":"product_tag","embeddable":true,"href":"https:\/\/www.3p-gmbh.de\/fr\/wp-json\/wp\/v2\/product_tag?post=91432"}],"curies":[{"name":"wp","href":"https:\/\/api.w.org\/{rel}","templated":true}]}}