{"id":91403,"date":"2020-03-11T09:29:29","date_gmt":"2020-03-11T09:29:29","guid":{"rendered":"https:\/\/www.3p-gmbh.de\/produkt\/bickel-hk-3-90-avec-sortie-de-bande-machine-a-rainurer-et-a-perforer-a-moteur\/"},"modified":"2020-03-11T09:29:29","modified_gmt":"2020-03-11T09:29:29","slug":"bickel-hk-3-90-avec-bande-support-moteur-rainure-et-perforation","status":"publish","type":"product","link":"https:\/\/www.3p-gmbh.de\/fr\/produkt\/bickel-hk-3-90-avec-bande-support-moteur-rainure-et-perforation\/","title":{"rendered":"Bickel HK 3-90 avec sortie de bande &#8211; Machine \u00e0 rainurer et \u00e0 perforer \u00e0 moteur"},"content":{"rendered":"<p>largeur d&rsquo;insertion 90cm<\/p>\n<p>Cette machine d&rsquo;une largeur de travail de 90 cm est utilis\u00e9e de mani\u00e8re \u00e9conomique pour les travaux de perforation ou de rainurage.<br \/>\nLe processus de poin\u00e7onnage est effectu\u00e9 par un embrayage \u00e0 commande \u00e9lectrique, d\u00e9clench\u00e9 par le pied.<br \/>\nCela permet d&rsquo;avoir les deux mains libres pour mettre en place et aligner les arcs.<br \/>\nLes bandes entra\u00een\u00e9es en sortie augmentent la productivit\u00e9.<\/p>\n<p>Un peigne de perforation et un outil de rainage int\u00e9gr\u00e9 sont disponibles en tant qu&rsquo;accessoires.<br \/>\net diverses attaques \u00e0 la cl\u00e9.<\/p>\n<p>Autres outils disponibles sur demande.<\/p>\n","protected":false},"excerpt":{"rendered":"<p>largeur d&rsquo;insertion 90cm Cette machine d&rsquo;une largeur de travail de 90 cm est utilis\u00e9e de mani\u00e8re \u00e9conomique pour les travaux de perforation ou de rainurage. Le processus de poin\u00e7onnage est effectu\u00e9 par un embrayage \u00e0 commande \u00e9lectrique, d\u00e9clench\u00e9 par le pied. Cela permet d&rsquo;avoir les deux mains libres pour mettre en place et aligner les [&hellip;]<\/p>\n","protected":false},"featured_media":59079,"template":"","meta":[],"product_brand":[],"product_cat":[2961],"product_tag":[],"class_list":{"0":"post-91403","1":"product","2":"type-product","3":"status-publish","4":"has-post-thumbnail","6":"product_cat-machines-a-rainurer-et-a-perforer","7":"pa_hersteller-bickel","8":"pa_typ-hk-3-90","10":"first","11":"instock","12":"taxable","13":"shipping-taxable","14":"purchasable","15":"product-type-simple"},"jetpack_sharing_enabled":true,"_links":{"self":[{"href":"https:\/\/www.3p-gmbh.de\/fr\/wp-json\/wp\/v2\/product\/91403","targetHints":{"allow":["GET"]}}],"collection":[{"href":"https:\/\/www.3p-gmbh.de\/fr\/wp-json\/wp\/v2\/product"}],"about":[{"href":"https:\/\/www.3p-gmbh.de\/fr\/wp-json\/wp\/v2\/types\/product"}],"wp:featuredmedia":[{"embeddable":true,"href":"https:\/\/www.3p-gmbh.de\/fr\/wp-json\/wp\/v2\/media\/59079"}],"wp:attachment":[{"href":"https:\/\/www.3p-gmbh.de\/fr\/wp-json\/wp\/v2\/media?parent=91403"}],"wp:term":[{"taxonomy":"product_brand","embeddable":true,"href":"https:\/\/www.3p-gmbh.de\/fr\/wp-json\/wp\/v2\/product_brand?post=91403"},{"taxonomy":"product_cat","embeddable":true,"href":"https:\/\/www.3p-gmbh.de\/fr\/wp-json\/wp\/v2\/product_cat?post=91403"},{"taxonomy":"product_tag","embeddable":true,"href":"https:\/\/www.3p-gmbh.de\/fr\/wp-json\/wp\/v2\/product_tag?post=91403"}],"curies":[{"name":"wp","href":"https:\/\/api.w.org\/{rel}","templated":true}]}}