{"id":91378,"date":"2020-03-18T10:25:24","date_gmt":"2020-03-18T10:25:24","guid":{"rendered":"https:\/\/www.3p-gmbh.de\/produkt\/machine-de-decoupe-polar-58-em\/"},"modified":"2020-03-18T10:25:24","modified_gmt":"2020-03-18T10:25:24","slug":"polar-58-em-coupeuse-2","status":"publish","type":"product","link":"https:\/\/www.3p-gmbh.de\/fr\/produkt\/polar-58-em-coupeuse-2\/","title":{"rendered":"Machine de d\u00e9coupe Polar 58 EM"},"content":{"rendered":"<ul>\n<li>SN 6451092<\/li>\n<li>Commande de programme EM<\/li>\n<li>table de d\u00e9coupe chrom\u00e9e<\/li>\n<li>Couverture de la table arri\u00e8re<\/li>\n<li>Barri\u00e8res lumineuses<\/li>\n<li>2 couteaux<\/li>\n<\/ul>\n","protected":false},"excerpt":{"rendered":"<p>SN 6451092 Commande de programme EM table de d\u00e9coupe chrom\u00e9e Couverture de la table arri\u00e8re Barri\u00e8res lumineuses 2 couteaux<\/p>\n","protected":false},"featured_media":59180,"template":"","meta":[],"product_brand":[],"product_cat":[3016],"product_tag":[],"class_list":{"0":"post-91378","1":"product","2":"type-product","3":"status-publish","4":"has-post-thumbnail","6":"product_cat-machines-de-decoupe","7":"pa_hersteller-polar-mohr","8":"pa_typ-polar-58-em","10":"first","11":"instock","12":"taxable","13":"shipping-taxable","14":"purchasable","15":"product-type-simple"},"jetpack_sharing_enabled":true,"_links":{"self":[{"href":"https:\/\/www.3p-gmbh.de\/fr\/wp-json\/wp\/v2\/product\/91378","targetHints":{"allow":["GET"]}}],"collection":[{"href":"https:\/\/www.3p-gmbh.de\/fr\/wp-json\/wp\/v2\/product"}],"about":[{"href":"https:\/\/www.3p-gmbh.de\/fr\/wp-json\/wp\/v2\/types\/product"}],"wp:featuredmedia":[{"embeddable":true,"href":"https:\/\/www.3p-gmbh.de\/fr\/wp-json\/wp\/v2\/media\/59180"}],"wp:attachment":[{"href":"https:\/\/www.3p-gmbh.de\/fr\/wp-json\/wp\/v2\/media?parent=91378"}],"wp:term":[{"taxonomy":"product_brand","embeddable":true,"href":"https:\/\/www.3p-gmbh.de\/fr\/wp-json\/wp\/v2\/product_brand?post=91378"},{"taxonomy":"product_cat","embeddable":true,"href":"https:\/\/www.3p-gmbh.de\/fr\/wp-json\/wp\/v2\/product_cat?post=91378"},{"taxonomy":"product_tag","embeddable":true,"href":"https:\/\/www.3p-gmbh.de\/fr\/wp-json\/wp\/v2\/product_tag?post=91378"}],"curies":[{"name":"wp","href":"https:\/\/api.w.org\/{rel}","templated":true}]}}