{"id":91374,"date":"2020-04-02T08:45:05","date_gmt":"2020-04-02T08:45:05","guid":{"rendered":"https:\/\/www.3p-gmbh.de\/produkt\/vibrateur-de-table-a-moteur-magnetique-muero-avec-compartiment-a-cassettes-et-puissance-de-vibration-reglable\/"},"modified":"2020-04-02T08:45:05","modified_gmt":"2020-04-02T08:45:05","slug":"muero-magnetique-moteur-fraiseur-de-table-avec-cassette-et-epaisseur-de-fruit-reglable","status":"publish","type":"product","link":"https:\/\/www.3p-gmbh.de\/fr\/produkt\/muero-magnetique-moteur-fraiseur-de-table-avec-cassette-et-epaisseur-de-fruit-reglable\/","title":{"rendered":"Vibrateur de table \u00e0 moteur magn\u00e9tique M\u00fcro avec compartiment \u00e0 cassettes et puissance de vibration r\u00e9glable"},"content":{"rendered":"<p>220 volts<\/p>\n","protected":false},"excerpt":{"rendered":"<p>220 volts<\/p>\n","protected":false},"featured_media":59198,"template":"","meta":[],"product_brand":[],"product_cat":[2890],"product_tag":[],"class_list":{"0":"post-91374","1":"product","2":"type-product","3":"status-publish","4":"has-post-thumbnail","6":"product_cat-reliure-dassortiment","7":"pa_hersteller-muero","9":"first","10":"instock","11":"taxable","12":"shipping-taxable","13":"purchasable","14":"product-type-simple"},"jetpack_sharing_enabled":true,"_links":{"self":[{"href":"https:\/\/www.3p-gmbh.de\/fr\/wp-json\/wp\/v2\/product\/91374","targetHints":{"allow":["GET"]}}],"collection":[{"href":"https:\/\/www.3p-gmbh.de\/fr\/wp-json\/wp\/v2\/product"}],"about":[{"href":"https:\/\/www.3p-gmbh.de\/fr\/wp-json\/wp\/v2\/types\/product"}],"wp:featuredmedia":[{"embeddable":true,"href":"https:\/\/www.3p-gmbh.de\/fr\/wp-json\/wp\/v2\/media\/59198"}],"wp:attachment":[{"href":"https:\/\/www.3p-gmbh.de\/fr\/wp-json\/wp\/v2\/media?parent=91374"}],"wp:term":[{"taxonomy":"product_brand","embeddable":true,"href":"https:\/\/www.3p-gmbh.de\/fr\/wp-json\/wp\/v2\/product_brand?post=91374"},{"taxonomy":"product_cat","embeddable":true,"href":"https:\/\/www.3p-gmbh.de\/fr\/wp-json\/wp\/v2\/product_cat?post=91374"},{"taxonomy":"product_tag","embeddable":true,"href":"https:\/\/www.3p-gmbh.de\/fr\/wp-json\/wp\/v2\/product_tag?post=91374"}],"curies":[{"name":"wp","href":"https:\/\/api.w.org\/{rel}","templated":true}]}}