{"id":91366,"date":"2020-04-03T11:49:23","date_gmt":"2020-04-03T11:49:23","guid":{"rendered":"https:\/\/www.3p-gmbh.de\/produkt\/ligne-de-decoupe-rapide-polar-92-xt-avec-vibreur-ra-2-ascenseur-lw-450-en-option-et-balance-de-comptage\/"},"modified":"2020-04-03T11:49:23","modified_gmt":"2020-04-03T11:49:23","slug":"ligne-de-coupe-rapide-polar-92-xt-avec-ruettler-ra-2-optional-lift-lw-450-et-balance-et-chiffrage","status":"publish","type":"product","link":"https:\/\/www.3p-gmbh.de\/fr\/produkt\/ligne-de-coupe-rapide-polar-92-xt-avec-ruettler-ra-2-optional-lift-lw-450-et-balance-et-chiffrage\/","title":{"rendered":"Ligne de d\u00e9coupe rapide Polar 92 XT avec vibreur RA-2, ascenseur LW 450 en option et balance de comptage"},"content":{"rendered":"<p>Pince coupante rapide Polar 92 XT<br \/>\nAnn\u00e9e de construction 2007<br \/>\nseulement 840.707 coupes<\/p>\n<p>&#8211; Largeur de coupe : 92 cm<br \/>\n&#8211; Contr\u00f4le de programme XT Touch<br \/>\n&#8211; Barri\u00e8re lumineuse,<br \/>\n&#8211; table \u00e0 air chrom\u00e9e<br \/>\n&#8211; tables \u00e0 air chrom\u00e9es \u00e0 gauche &amp; \u00e0 droite 75x75cm<br \/>\n&#8211; Couverture de la table arri\u00e8re<br \/>\n&#8211; 2 couteaux<\/p>\n<p>\u00c9tat : Maintenu<br \/>\ndisponible imm\u00e9diatement<\/p>\n<p>Machine automatique \u00e0 secouer Polar RA-2 avec rouleau d&rsquo;\u00e9jection \u00e0 air et but\u00e9es pneumatiques \u00e0 clapet<br \/>\nde l&rsquo;ann\u00e9e 2005<br \/>\nUne fois le processus de secouage termin\u00e9, l&rsquo;air est expuls\u00e9 de la couche de coupe.<br \/>\nVous pouvez \u00e9taler 1 ou 2 fois, la pression de la premi\u00e8re op\u00e9ration d&rsquo;\u00e9talement \u00e9tant r\u00e9glable et, si la table est inclin\u00e9e, vous pouvez \u00ab\u00a0\u00e9taler entre-temps\u00a0\u00bb.<br \/>\nSurface de table plaqu\u00e9e en acier inoxydable 72 x 87 cm<br \/>\nHauteur de couche min. 30 mm<br \/>\nHauteur de la couche man. 165 mm<br \/>\nhauteur de table 860 &#8211; 950 mm<br \/>\nConsommation d&rsquo;air comprim\u00e9 \u00e0 6 &#8211; 8 bar env. 2L\/min<br \/>\n\u00c9tat : Maintenu<br \/>\ndisponible imm\u00e9diatement<\/p>\n<p>Contre un suppl\u00e9ment, nous proposons en stock<br \/>\nBalance \u00e0 arc &#8211; Balance de comptage Avery Weigh-Tronix pour vibrateurs Polar Mohr RA-2 ou RA-4<br \/>\nde l&rsquo;ann\u00e9e 2011<br \/>\npour cr\u00e9er des couches de d\u00e9coupe en quantit\u00e9 pr\u00e9cise<\/p>\n<p>El\u00e9vateur de piles Polar Mohr Polar LW 450 &#8211; 1<br \/>\nde 2005<br \/>\nLe soul\u00e8vement automatique du mat\u00e9riau \u00e0 couper permet \u00e0 l&rsquo;op\u00e9rateur de travailler dans une position qui lui convient.<br \/>\nde travail ergonomique, le mat\u00e9riau est plac\u00e9 dans la machine \u00e0 secouer ou directement dans le bac \u00e0 sable.<br \/>\ncharger la machine \u00e0 d\u00e9couper.<br \/>\nL&rsquo;\u00e9l\u00e9vateur de pile peut \u00e9galement \u00eatre utilis\u00e9 pour empiler des produits \u00e0 d\u00e9couper.<\/p>\n<p>Les \u00e9l\u00e9vateurs empilables ne doivent pas \u00eatre ancr\u00e9s au sol et peuvent donc \u00eatre d\u00e9plac\u00e9s facilement en roulant.<br \/>\nIls sont \u00e9quip\u00e9s de barri\u00e8res photo\u00e9lectriques r\u00e9flexes r\u00e9glables en continu pour une mont\u00e9e ou une descente automatique.<\/p>\n<p>Donn\u00e9es techniques<br \/>\nBaignoire (dimensions int\u00e9rieures) cm 62 x 90<br \/>\nCourse jusqu&rsquo;\u00e0 cm 85<br \/>\nHauteur (\u00e0 la course max.) cm 150 (196)<br \/>\nCapacit\u00e9 de charge max. kg 450<\/p>\n","protected":false},"excerpt":{"rendered":"<p><a href=\"https:\/\/www.3p-gmbh.de\/wp-content\/uploads\/2020\/04\/06_Produktblatt_POLAR-92_dt_01.2010.pdf\">06_Produktblatt_POLAR-92_dt_01.2010<\/a><\/p>\n","protected":false},"featured_media":59209,"template":"","meta":[],"product_brand":[],"product_cat":[3016],"product_tag":[],"class_list":{"0":"post-91366","1":"product","2":"type-product","3":"status-publish","4":"has-post-thumbnail","6":"product_cat-machines-de-decoupe","7":"pa_hersteller-polar-mohr","8":"pa_typ-92-xt","9":"pa_typ-bogenwaage-zaehlwaage-avery-weigh-troni","10":"pa_typ-lw-450-1","11":"pa_typ-ra-2","13":"first","14":"instock","15":"taxable","16":"shipping-taxable","17":"purchasable","18":"product-type-simple"},"jetpack_sharing_enabled":true,"_links":{"self":[{"href":"https:\/\/www.3p-gmbh.de\/fr\/wp-json\/wp\/v2\/product\/91366","targetHints":{"allow":["GET"]}}],"collection":[{"href":"https:\/\/www.3p-gmbh.de\/fr\/wp-json\/wp\/v2\/product"}],"about":[{"href":"https:\/\/www.3p-gmbh.de\/fr\/wp-json\/wp\/v2\/types\/product"}],"wp:featuredmedia":[{"embeddable":true,"href":"https:\/\/www.3p-gmbh.de\/fr\/wp-json\/wp\/v2\/media\/59209"}],"wp:attachment":[{"href":"https:\/\/www.3p-gmbh.de\/fr\/wp-json\/wp\/v2\/media?parent=91366"}],"wp:term":[{"taxonomy":"product_brand","embeddable":true,"href":"https:\/\/www.3p-gmbh.de\/fr\/wp-json\/wp\/v2\/product_brand?post=91366"},{"taxonomy":"product_cat","embeddable":true,"href":"https:\/\/www.3p-gmbh.de\/fr\/wp-json\/wp\/v2\/product_cat?post=91366"},{"taxonomy":"product_tag","embeddable":true,"href":"https:\/\/www.3p-gmbh.de\/fr\/wp-json\/wp\/v2\/product_tag?post=91366"}],"curies":[{"name":"wp","href":"https:\/\/api.w.org\/{rel}","templated":true}]}}