{"id":91354,"date":"2020-05-12T14:28:22","date_gmt":"2020-05-12T14:28:22","guid":{"rendered":"https:\/\/www.3p-gmbh.de\/produkt\/automate-de-vibration-polar-ra-4-avec-rouleau-de-soufflage-dair\/"},"modified":"2020-05-12T14:28:22","modified_gmt":"2020-05-12T14:28:22","slug":"polar-ruettelautomat-ra-4-avec-rouleau-de-poussee-dair","status":"publish","type":"product","link":"https:\/\/www.3p-gmbh.de\/fr\/produkt\/polar-ruettelautomat-ra-4-avec-rouleau-de-poussee-dair\/","title":{"rendered":"Automate de vibration Polar RA 4 avec rouleau de soufflage d&rsquo;air"},"content":{"rendered":"<p>Une fois le processus de secouage termin\u00e9, l&rsquo;air est expuls\u00e9 de la couche de coupe.<br \/>\nVous pouvez \u00e9taler 1 ou 2 fois, la pression de la premi\u00e8re op\u00e9ration d&rsquo;\u00e9talement \u00e9tant r\u00e9glable et, si la table est inclin\u00e9e, vous pouvez \u00ab\u00a0\u00e9taler entre-temps\u00a0\u00bb.<\/p>\n<p>Dimensions de la table 900x1150mm<br \/>\nHauteur de couche min. 30 mm<br \/>\nHauteur de la couche man. 80 mm<br \/>\nConsommation d&rsquo;air comprim\u00e9 \u00e0 6 &#8211; 8 bar env. 2L\/min<\/p>\n","protected":false},"excerpt":{"rendered":"<p>Une fois le processus de secouage termin\u00e9, l&rsquo;air est expuls\u00e9 de la couche de coupe. Vous pouvez \u00e9taler 1 ou 2 fois, la pression de la premi\u00e8re op\u00e9ration d&rsquo;\u00e9talement \u00e9tant r\u00e9glable et, si la table est inclin\u00e9e, vous pouvez \u00ab\u00a0\u00e9taler entre-temps\u00a0\u00bb. Dimensions de la table 900x1150mm Hauteur de couche min. 30 mm Hauteur de la [&hellip;]<\/p>\n","protected":false},"featured_media":59281,"template":"","meta":[],"product_brand":[],"product_cat":[3068],"product_tag":[],"class_list":{"0":"post-91354","1":"product","2":"type-product","3":"status-publish","4":"has-post-thumbnail","6":"product_cat-tables-vibrantes","7":"pa_hersteller-polar-mohr","8":"pa_typ-ra-4-ra-4","10":"first","11":"instock","12":"taxable","13":"shipping-taxable","14":"product-type-simple"},"jetpack_sharing_enabled":true,"_links":{"self":[{"href":"https:\/\/www.3p-gmbh.de\/fr\/wp-json\/wp\/v2\/product\/91354","targetHints":{"allow":["GET"]}}],"collection":[{"href":"https:\/\/www.3p-gmbh.de\/fr\/wp-json\/wp\/v2\/product"}],"about":[{"href":"https:\/\/www.3p-gmbh.de\/fr\/wp-json\/wp\/v2\/types\/product"}],"wp:featuredmedia":[{"embeddable":true,"href":"https:\/\/www.3p-gmbh.de\/fr\/wp-json\/wp\/v2\/media\/59281"}],"wp:attachment":[{"href":"https:\/\/www.3p-gmbh.de\/fr\/wp-json\/wp\/v2\/media?parent=91354"}],"wp:term":[{"taxonomy":"product_brand","embeddable":true,"href":"https:\/\/www.3p-gmbh.de\/fr\/wp-json\/wp\/v2\/product_brand?post=91354"},{"taxonomy":"product_cat","embeddable":true,"href":"https:\/\/www.3p-gmbh.de\/fr\/wp-json\/wp\/v2\/product_cat?post=91354"},{"taxonomy":"product_tag","embeddable":true,"href":"https:\/\/www.3p-gmbh.de\/fr\/wp-json\/wp\/v2\/product_tag?post=91354"}],"curies":[{"name":"wp","href":"https:\/\/api.w.org\/{rel}","templated":true}]}}