{"id":91339,"date":"2020-05-12T14:59:53","date_gmt":"2020-05-12T14:59:53","guid":{"rendered":"https:\/\/www.3p-gmbh.de\/produkt\/knorr-rl-2-va-vibrateur-a-feuilles\/"},"modified":"2020-05-12T14:59:53","modified_gmt":"2020-05-12T14:59:53","slug":"knorr-rl-2-va-bogenruettler","status":"publish","type":"product","link":"https:\/\/www.3p-gmbh.de\/fr\/produkt\/knorr-rl-2-va-bogenruettler\/","title":{"rendered":"Knorr RL-2-VA Vibrateur \u00e0 feuilles"},"content":{"rendered":"<p>SN 7058008<br \/>\nformat de feuille env. 66 x 88cm<\/p>\n<p>&#8211; Ch\u00e2ssis soud\u00e9 avec m\u00e9canisme de secouage automatique<br \/>\n&#8211; Rabat lat\u00e9ral manuel \u00e0 gauche et \u00e0 droite, ce qui permet de secouer les formats trop grands !<br \/>\n&#8211; Table en acier inoxydable de haute qualit\u00e9 avec un fort coussin d&rsquo;air<br \/>\n&#8211; R\u00e8gle de s\u00e9paration pour les formats de feuilles plus petits<br \/>\n&#8211; inclinaison de la table r\u00e9glable jusqu&rsquo;\u00e0 12 positions gauche\/droite<br \/>\n&#8211; \u00c9l\u00e9ment de commande facile \u00e0 prendre en main<br \/>\n&#8211; intensit\u00e9 des vibrations r\u00e9glable en continu gr\u00e2ce \u00e0 un convertisseur de fr\u00e9quence<br \/>\n&#8211; hauteur de table r\u00e9glable<br \/>\n&#8211; sens de rotation du moteur vibrant au choix \u00e0 droite ou \u00e0 gauche<br \/>\n&#8211; Secouer avec\/sans air<\/p>\n","protected":false},"excerpt":{"rendered":"<p>SN 7058008 format de feuille env. 66 x 88cm &#8211; Ch\u00e2ssis soud\u00e9 avec m\u00e9canisme de secouage automatique &#8211; Rabat lat\u00e9ral manuel \u00e0 gauche et \u00e0 droite, ce qui permet de secouer les formats trop grands ! &#8211; Table en acier inoxydable de haute qualit\u00e9 avec un fort coussin d&rsquo;air &#8211; R\u00e8gle de s\u00e9paration pour les [&hellip;]<\/p>\n","protected":false},"featured_media":59290,"template":"","meta":[],"product_brand":[],"product_cat":[3068],"product_tag":[],"class_list":{"0":"post-91339","1":"product","2":"type-product","3":"status-publish","4":"has-post-thumbnail","6":"product_cat-tables-vibrantes","7":"pa_hersteller-knorr","8":"pa_typ-rl-2-va","10":"first","11":"instock","12":"taxable","13":"shipping-taxable","14":"product-type-simple"},"jetpack_sharing_enabled":true,"_links":{"self":[{"href":"https:\/\/www.3p-gmbh.de\/fr\/wp-json\/wp\/v2\/product\/91339","targetHints":{"allow":["GET"]}}],"collection":[{"href":"https:\/\/www.3p-gmbh.de\/fr\/wp-json\/wp\/v2\/product"}],"about":[{"href":"https:\/\/www.3p-gmbh.de\/fr\/wp-json\/wp\/v2\/types\/product"}],"wp:featuredmedia":[{"embeddable":true,"href":"https:\/\/www.3p-gmbh.de\/fr\/wp-json\/wp\/v2\/media\/59290"}],"wp:attachment":[{"href":"https:\/\/www.3p-gmbh.de\/fr\/wp-json\/wp\/v2\/media?parent=91339"}],"wp:term":[{"taxonomy":"product_brand","embeddable":true,"href":"https:\/\/www.3p-gmbh.de\/fr\/wp-json\/wp\/v2\/product_brand?post=91339"},{"taxonomy":"product_cat","embeddable":true,"href":"https:\/\/www.3p-gmbh.de\/fr\/wp-json\/wp\/v2\/product_cat?post=91339"},{"taxonomy":"product_tag","embeddable":true,"href":"https:\/\/www.3p-gmbh.de\/fr\/wp-json\/wp\/v2\/product_tag?post=91339"}],"curies":[{"name":"wp","href":"https:\/\/api.w.org\/{rel}","templated":true}]}}