{"id":91337,"date":"2020-10-19T14:25:02","date_gmt":"2020-10-19T14:25:02","guid":{"rendered":"https:\/\/www.3p-gmbh.de\/produkt\/encarteuse-piqueuse-hohner-hsb-8-000-le-sans-outillage\/"},"modified":"2020-10-19T14:25:02","modified_gmt":"2020-10-19T14:25:02","slug":"agrafeuse-colleuse-hsb-8-000-sans-outils","status":"publish","type":"product","link":"https:\/\/www.3p-gmbh.de\/fr\/produkt\/agrafeuse-colleuse-hsb-8-000-sans-outils\/","title":{"rendered":"Encarteuse-piqueuse Hohner HSB 8.000 &#8211; Le sans outillage"},"content":{"rendered":"<div><span style=\"color: #ff0000; font-family: Arial;\"><strong>Bj. 12-2015 env. 3500 heures de fonctionnement<\/strong><\/span><\/div>\n<div>\n<span style=\"font-family: Arial;\">6 margeurs de feuilles VF 1 pour commutation 2:1<br \/>\n1 installation manuelle<br \/>\n1 margeur d&rsquo;enveloppe<\/span><\/div>\n<div><span style=\"color: #ff0000; font-family: Arial;\">7 Inspection des feuilles Opticontrol<\/span><\/div>\n<div><span style=\"font-family: Arial;\">Agrafeuse avec contr\u00f4le des agrafes et de l&rsquo;\u00e9paisseur<\/span><\/div>\n<div><span style=\"color: #ff0000; font-family: Arial;\">4 t\u00eates d&rsquo;agrafage HK 52-8 Universel<\/span><\/div>\n<div><span style=\"color: #ff0000; font-family: Arial;\">4 t\u00eates d&rsquo;agrafage HK 52-8 pour anneaux 6mm<\/span><\/div>\n<div><span style=\"font-family: Arial;\">4 supports de grandes bobines<\/span><\/div>\n<div><span style=\"font-family: Arial;\">Trimmer avec dispositif de coupe centrale pour la production \u00e0 double usage<\/span><\/div>\n<div><span style=\"font-family: Arial;\">Table de transfert<\/span><span style=\"font-family: Arial;\"><br \/>\nAlimentation en pression et en vide<\/span><\/div>\n<div><span style=\"font-family: Arial;\">longue exposition de la bande<\/span><\/div>\n<div><span style=\"color: #ff0000; font-family: Arial;\"><strong>sans croisillon ! !!!!<\/strong><\/span><\/div>\n<div>\n<span style=\"font-family: Arial;\">La voie du milieu facile \u00e0 utiliser &amp; \u00e9conomique<br \/>\nLa HSB 8.000 est la solution id\u00e9ale si vous recherchez une encarteuse-piqueuse automatique pour le traitement ult\u00e9rieur de feuilles pr\u00e9-pli\u00e9es en petits et moyens tirages.<br \/>\nDerri\u00e8re ses dimensions compactes, notre machine semi-automatique cache pour l&rsquo;utilisateur une grande diversit\u00e9 et un grand savoir-faire.<\/span><\/div>\n<div><\/div>\n<div><span style=\"font-family: Arial;\">Les r\u00e9glages de format se font par exemple sans outil et signifient un travail efficace et convivial en un temps record ; avec un personnel extr\u00eamement r\u00e9duit, cette encarteuse-piqueuse peut produire jusqu&rsquo;\u00e0 8.000 produits par heure avec une exigence de qualit\u00e9 \u00e9lev\u00e9e et sans aucun d\u00e9calage d&rsquo;agrafes.<br \/>\nDe plus, le HSB 8.000 affiche un format, car il est le meilleur de sa classe avec un format maximal de 365 x 350 mm. Les agrafes \u00e0 \u0153illets ne lui posent pas non plus de probl\u00e8me en option.<br \/>\nChez Hohner, vos consid\u00e9rations de qualit\u00e9 et de rentabilit\u00e9 sont prises au s\u00e9rieux et mises en \u0153uvre de mani\u00e8re conviviale.<\/span><\/div>\n<div><\/div>\n<div><span style=\"font-family: Arial;\">Les avantages en bref :<\/span><\/div>\n<div><\/div>\n<div><span style=\"font-family: Arial;\">Possibilit\u00e9 d&rsquo;extension et d&rsquo;adaptation ult\u00e9rieures de l&rsquo;installation \u00e0 vos besoins individuels gr\u00e2ce \u00e0 un syst\u00e8me modulaire complet (nombreuses possibilit\u00e9s d&rsquo;extension en option : d&rsquo;un margeur manuel \u00e0 8 margeurs automatiques de feuilles pli\u00e9es, margeur automatique d&rsquo;enveloppes, dispositif \u00e0 double entr\u00e9e, commutation 2:1, contr\u00f4le des agrafes, margeur crois\u00e9 de paquets ainsi que syst\u00e8me de transport pour les d\u00e9chets de coupe)<br \/>\nLiaison des couteaux par un joug<br \/>\n12 douilles \u00e0 recirculation de billes pour un guidage tr\u00e8s pr\u00e9cis et une dur\u00e9e de vie extr\u00eamement longue des couteaux<br \/>\nPas de d\u00e9calage des agrafes &#8211; Agrafage et positionnement des agrafes parfaits<br \/>\nDimension compacte avec profil de performance \u00e9lev\u00e9 &#8211; encombrement r\u00e9duit<br \/>\nBesoin minimal en personnel<br \/>\nHauteur de pose ergonomique et facile d&rsquo;utilisation<\/span><\/div>\n<div><\/div>\n<div><span style=\"font-family: Arial;\">Vos avantages<\/span><\/div>\n<div><\/div>\n<div><span style=\"font-family: Arial;\">&#8211; production stable avec environ 7000 cycles<br \/>\n&#8211; temps de changement d&rsquo;\u00e9quipement court<br \/>\n&#8211; le grand format maximum 340x355mm<br \/>\n&#8211; faibles co\u00fbts d&rsquo;investissement, retour sur investissement rapide<\/span><\/div>\n","protected":false},"excerpt":{"rendered":"<p><a href=\"https:\/\/www.3p-gmbh.de\/wp-content\/uploads\/2020\/10\/HSB-8000-Details.pdf\">HSB 8000 D\u00e9tails<\/a><\/p>\n","protected":false},"featured_media":59357,"template":"","meta":[],"product_brand":[],"product_cat":[2907],"product_tag":[],"class_list":{"0":"post-91337","1":"product","2":"type-product","3":"status-publish","4":"has-post-thumbnail","6":"product_cat-encarteuse-piqueuse","7":"pa_hersteller-hohner","8":"pa_typ-hohner-hsb-8-000","10":"first","11":"instock","12":"taxable","13":"shipping-taxable","14":"product-type-simple"},"jetpack_sharing_enabled":true,"_links":{"self":[{"href":"https:\/\/www.3p-gmbh.de\/fr\/wp-json\/wp\/v2\/product\/91337","targetHints":{"allow":["GET"]}}],"collection":[{"href":"https:\/\/www.3p-gmbh.de\/fr\/wp-json\/wp\/v2\/product"}],"about":[{"href":"https:\/\/www.3p-gmbh.de\/fr\/wp-json\/wp\/v2\/types\/product"}],"wp:featuredmedia":[{"embeddable":true,"href":"https:\/\/www.3p-gmbh.de\/fr\/wp-json\/wp\/v2\/media\/59357"}],"wp:attachment":[{"href":"https:\/\/www.3p-gmbh.de\/fr\/wp-json\/wp\/v2\/media?parent=91337"}],"wp:term":[{"taxonomy":"product_brand","embeddable":true,"href":"https:\/\/www.3p-gmbh.de\/fr\/wp-json\/wp\/v2\/product_brand?post=91337"},{"taxonomy":"product_cat","embeddable":true,"href":"https:\/\/www.3p-gmbh.de\/fr\/wp-json\/wp\/v2\/product_cat?post=91337"},{"taxonomy":"product_tag","embeddable":true,"href":"https:\/\/www.3p-gmbh.de\/fr\/wp-json\/wp\/v2\/product_tag?post=91337"}],"curies":[{"name":"wp","href":"https:\/\/api.w.org\/{rel}","templated":true}]}}