{"id":91324,"date":"2020-10-27T10:26:00","date_gmt":"2020-10-27T10:26:00","guid":{"rendered":"https:\/\/www.3p-gmbh.de\/produkt\/16-stations-calendrier-assembleuse-mkw-rapid-ut-16-b3-gs\/"},"modified":"2020-10-27T10:26:00","modified_gmt":"2020-10-27T10:26:00","slug":"16-stations-calendrier-machine-rapide-ut-16-b3-gs","status":"publish","type":"product","link":"https:\/\/www.3p-gmbh.de\/fr\/produkt\/16-stations-calendrier-machine-rapide-ut-16-b3-gs\/","title":{"rendered":"16 stations Calendrier Assembleuse MKW Rapid UT 16\/B3\/GS"},"content":{"rendered":"<div><span style=\"font-family: Arial;\">nous proposons sans engagement<\/span><\/div>\n<div><\/div>\n<div><span style=\"font-family: Arial;\"><br \/>\n<\/span><span style=\"font-family: Arial;\"><span style=\"color: #0000ff;\"><strong>16 stations Calendrier Assembleuse MKW Rapid UT 16\/B3\/GS<br \/>\nAnn\u00e9e de construction : 2012 jusqu&rsquo;\u00e0 pr\u00e9sent seulement 6,3 millions de cycles<br \/>\nFormat : min. 10 x 14 cm , max. 35 x 50 cm<\/strong><\/span>      <\/span><\/div>\n<div><span style=\"font-family: Arial;\"><br \/>\n\u00c9quipement : Assembleuse \u00e0 16 stations avec suppl\u00e9ment manuel \u00e0 droite<\/span><span style=\"font-family: Arial;\"><br \/>\nCadence de 2900 par heure<\/span><\/div>\n<div> <span style=\"font-family: Arial;\"> 19 \u00a0\u00bb Touch command\u00e9e par PC <\/span><span style=\"font-family: Arial;\">Circulation La table \u00e0 courroie crant\u00e9e permet la production en tandem et garantit un transport du papier s\u00fbr et silencieux.<\/span><\/div>\n<div><span style=\"font-family: Arial;\">  L&rsquo;activation du syst\u00e8me tandem se fait par simple changement sur le terminal de commande.<\/span><\/div>\n<div><span style=\"font-family: Arial;\">  L&rsquo;utilisation en parall\u00e8le de deux stations avec le m\u00eame motif d&rsquo;impression permet d&rsquo;augmenter la production jusqu&rsquo;\u00e0 75 %.<\/span><\/div>\n<div><span style=\"font-family: Arial;\">  contr\u00f4le \u00e9lectronique auto-mesur\u00e9 des feuilles doubles et des feuilles manquantes<\/span><\/div>\n<div><span style=\"font-family: Arial;\"> max. hauteur d&#8217;empilage 700 mm<br \/>\nPoids du papier de 14 \u00e0 1000 g\/m2<\/span><\/div>\n<div><span style=\"font-family: Arial;\">  rotation \u00e0 gauche des machines &#8211; en option, il est donc possible de connecter des poin\u00e7onneuses et des relieuses<\/span><\/div>\n<div><\/div>\n<div><span style=\"font-family: Arial;\"><span style=\"color: #0000ff;\"><strong>Sortie mobile en quinconce pour grands tirages MKW HA-350 UTL<\/strong><\/span><br \/>\navec une capacit\u00e9 d&#8217;empilage de 60 cm<\/span><\/div>\n<div><span style=\"font-family: Arial;\">             <\/span><\/div>\n<div><span style=\"font-family: Arial;\"><span style=\"color: #0000ff;\">D\u00e9lai de livraison : imm\u00e9diatement \u00e0 partir de l&rsquo;imprimerie<\/span><\/span><\/div>\n","protected":false},"excerpt":{"rendered":"<p><a href=\"https:\/\/www.3p-gmbh.de\/wp-content\/uploads\/2020\/10\/MKW.pdf\">MKW<\/a><\/p>\n","protected":false},"featured_media":59386,"template":"","meta":[],"product_brand":[],"product_cat":[3046],"product_tag":[],"class_list":{"0":"post-91324","1":"product","2":"type-product","3":"status-publish","4":"has-post-thumbnail","6":"product_cat-assembleuses","7":"pa_hersteller-mkw","8":"pa_typ-rapid-ut-16-b3-gs","10":"first","11":"instock","12":"taxable","13":"shipping-taxable","14":"product-type-simple"},"jetpack_sharing_enabled":true,"_links":{"self":[{"href":"https:\/\/www.3p-gmbh.de\/fr\/wp-json\/wp\/v2\/product\/91324","targetHints":{"allow":["GET"]}}],"collection":[{"href":"https:\/\/www.3p-gmbh.de\/fr\/wp-json\/wp\/v2\/product"}],"about":[{"href":"https:\/\/www.3p-gmbh.de\/fr\/wp-json\/wp\/v2\/types\/product"}],"wp:featuredmedia":[{"embeddable":true,"href":"https:\/\/www.3p-gmbh.de\/fr\/wp-json\/wp\/v2\/media\/59386"}],"wp:attachment":[{"href":"https:\/\/www.3p-gmbh.de\/fr\/wp-json\/wp\/v2\/media?parent=91324"}],"wp:term":[{"taxonomy":"product_brand","embeddable":true,"href":"https:\/\/www.3p-gmbh.de\/fr\/wp-json\/wp\/v2\/product_brand?post=91324"},{"taxonomy":"product_cat","embeddable":true,"href":"https:\/\/www.3p-gmbh.de\/fr\/wp-json\/wp\/v2\/product_cat?post=91324"},{"taxonomy":"product_tag","embeddable":true,"href":"https:\/\/www.3p-gmbh.de\/fr\/wp-json\/wp\/v2\/product_tag?post=91324"}],"curies":[{"name":"wp","href":"https:\/\/api.w.org\/{rel}","templated":true}]}}