{"id":91310,"date":"2020-11-06T08:26:19","date_gmt":"2020-11-06T08:26:19","guid":{"rendered":"https:\/\/www.3p-gmbh.de\/produkt\/plieuse-combinee-a-reglage-semi-automatique-mbo-k-800-1-sktl-4-fp-de-lannee-de-fabrication-2003\/"},"modified":"2020-11-06T08:26:19","modified_gmt":"2020-11-06T08:26:19","slug":"plieuse-combinee-semi-automatique-reglable-mbo-k-800-1-sktl-4-fp-aus-bj-2003","status":"publish","type":"product","link":"https:\/\/www.3p-gmbh.de\/fr\/produkt\/plieuse-combinee-semi-automatique-reglable-mbo-k-800-1-sktl-4-fp-aus-bj-2003\/","title":{"rendered":"Plieuse combin\u00e9e \u00e0 r\u00e9glage semi-automatique MBO K 800.1-SKTL-4-FP de l&rsquo;ann\u00e9e de fabrication 2003"},"content":{"rendered":"<div><strong>plieuse combin\u00e9e \u00e0 r\u00e9glage semi-automatique<\/strong><\/div>\n<div><strong>MBO K 800.1-SKTL-4-FP 120 Navigateur<\/strong><\/div>\n<div><\/div>\n<ul>\n<li>de 2003<\/li>\n<li>4 poches r\u00e9glables par moteur<\/li>\n<li>Arbres \u00e0 lames Axes enfichables<\/li>\n<li>Version KTL avec d\u00e9rive, poche couch\u00e9e, d\u00e9rive<\/li>\n<\/ul>\n","protected":false},"excerpt":{"rendered":"<p>plieuse combin\u00e9e \u00e0 r\u00e9glage semi-automatique MBO K 800.1-SKTL-4-FP 120 Navigateur de 2003 4 poches r\u00e9glables par moteur Arbres \u00e0 lames Axes enfichables Version KTL avec d\u00e9rive, poche couch\u00e9e, d\u00e9rive<\/p>\n","protected":false},"featured_media":59428,"template":"","meta":[],"product_brand":[],"product_cat":[2984],"product_tag":[],"class_list":{"0":"post-91310","1":"product","2":"type-product","3":"status-publish","4":"has-post-thumbnail","6":"product_cat-plieuses-fr","7":"pa_hersteller-mbo","8":"pa_typ-k-800-1-sktl-4-fp-120-navigator","10":"first","11":"instock","12":"taxable","13":"shipping-taxable","14":"product-type-simple"},"jetpack_sharing_enabled":true,"_links":{"self":[{"href":"https:\/\/www.3p-gmbh.de\/fr\/wp-json\/wp\/v2\/product\/91310","targetHints":{"allow":["GET"]}}],"collection":[{"href":"https:\/\/www.3p-gmbh.de\/fr\/wp-json\/wp\/v2\/product"}],"about":[{"href":"https:\/\/www.3p-gmbh.de\/fr\/wp-json\/wp\/v2\/types\/product"}],"wp:featuredmedia":[{"embeddable":true,"href":"https:\/\/www.3p-gmbh.de\/fr\/wp-json\/wp\/v2\/media\/59428"}],"wp:attachment":[{"href":"https:\/\/www.3p-gmbh.de\/fr\/wp-json\/wp\/v2\/media?parent=91310"}],"wp:term":[{"taxonomy":"product_brand","embeddable":true,"href":"https:\/\/www.3p-gmbh.de\/fr\/wp-json\/wp\/v2\/product_brand?post=91310"},{"taxonomy":"product_cat","embeddable":true,"href":"https:\/\/www.3p-gmbh.de\/fr\/wp-json\/wp\/v2\/product_cat?post=91310"},{"taxonomy":"product_tag","embeddable":true,"href":"https:\/\/www.3p-gmbh.de\/fr\/wp-json\/wp\/v2\/product_tag?post=91310"}],"curies":[{"name":"wp","href":"https:\/\/api.w.org\/{rel}","templated":true}]}}