{"id":91300,"date":"2020-10-27T10:40:45","date_gmt":"2020-10-27T10:40:45","guid":{"rendered":"https:\/\/www.3p-gmbh.de\/produkt\/systeme-ctp-thermique-2-faces-entierement-automatique-suprasetter-a52-automation-avec-meta-ripworkflow-et-sortie-cip-3\/"},"modified":"2020-10-27T10:40:45","modified_gmt":"2020-10-27T10:40:45","slug":"systeme-thermal-ctp-2-pages-suprasetter-a52-automatisation-avec-meta-ripworkflow-et-cip-3-sortie-entierement-automatique","status":"publish","type":"product","link":"https:\/\/www.3p-gmbh.de\/fr\/produkt\/systeme-thermal-ctp-2-pages-suprasetter-a52-automatisation-avec-meta-ripworkflow-et-cip-3-sortie-entierement-automatique\/","title":{"rendered":"syst\u00e8me CTP thermique 2 faces enti\u00e8rement automatique Suprasetter A52 Automation avec Meta Ripworkflow et sortie CIP 3"},"content":{"rendered":"<div>nous proposons sans engagement<\/div>\n<div><\/div>\n<div>syst\u00e8me CTP thermique 2 faces enti\u00e8rement automatique Heidelberg Suprasetter A52 Automation<\/div>\n<div>avec Meta Rip Workflow complet et \u00e9dition CIP 3<\/div>\n<div>seulement 107 000 plaques SM 52 expos\u00e9es jusqu&rsquo;\u00e0 pr\u00e9sent<\/div>\n<div><\/div>\n<div>Capacit\u00e9 de distribution 17 panneaux\/heure<\/div>\n<div>poin\u00e7onnage interne Autoplate 425mm<\/div>\n<div>Aspiration pour plaques ablatives<\/div>\n<div>Pont de transfert et Glunz &amp; Jensen c85 gommage de lavage avec empileur de plaques<\/div>\n","protected":false},"excerpt":{"rendered":"<p>nous proposons sans engagement syst\u00e8me CTP thermique 2 faces enti\u00e8rement automatique Heidelberg Suprasetter A52 Automation avec Meta Rip Workflow complet et \u00e9dition CIP 3 seulement 107 000 plaques SM 52 expos\u00e9es jusqu&rsquo;\u00e0 pr\u00e9sent Capacit\u00e9 de distribution 17 panneaux\/heure poin\u00e7onnage interne Autoplate 425mm Aspiration pour plaques ablatives Pont de transfert et Glunz &amp; Jensen c85 gommage [&hellip;]<\/p>\n","protected":false},"featured_media":59405,"template":"","meta":[],"product_brand":[],"product_cat":[2864],"product_tag":[],"class_list":{"0":"post-91300","1":"product","2":"type-product","3":"status-publish","4":"has-post-thumbnail","6":"product_cat-systemes-computer-to-plate","7":"pa_hersteller-heidelberg","8":"pa_typ-suprasetter-a52-automation","10":"first","11":"instock","12":"taxable","13":"shipping-taxable","14":"product-type-simple"},"jetpack_sharing_enabled":true,"_links":{"self":[{"href":"https:\/\/www.3p-gmbh.de\/fr\/wp-json\/wp\/v2\/product\/91300","targetHints":{"allow":["GET"]}}],"collection":[{"href":"https:\/\/www.3p-gmbh.de\/fr\/wp-json\/wp\/v2\/product"}],"about":[{"href":"https:\/\/www.3p-gmbh.de\/fr\/wp-json\/wp\/v2\/types\/product"}],"wp:featuredmedia":[{"embeddable":true,"href":"https:\/\/www.3p-gmbh.de\/fr\/wp-json\/wp\/v2\/media\/59405"}],"wp:attachment":[{"href":"https:\/\/www.3p-gmbh.de\/fr\/wp-json\/wp\/v2\/media?parent=91300"}],"wp:term":[{"taxonomy":"product_brand","embeddable":true,"href":"https:\/\/www.3p-gmbh.de\/fr\/wp-json\/wp\/v2\/product_brand?post=91300"},{"taxonomy":"product_cat","embeddable":true,"href":"https:\/\/www.3p-gmbh.de\/fr\/wp-json\/wp\/v2\/product_cat?post=91300"},{"taxonomy":"product_tag","embeddable":true,"href":"https:\/\/www.3p-gmbh.de\/fr\/wp-json\/wp\/v2\/product_tag?post=91300"}],"curies":[{"name":"wp","href":"https:\/\/api.w.org\/{rel}","templated":true}]}}