{"id":91293,"date":"2020-11-16T10:45:04","date_gmt":"2020-11-16T10:45:04","guid":{"rendered":"https:\/\/www.3p-gmbh.de\/produkt\/assembleuse-brocheuse-mkw-rapid-ut-14b3gs-sft-350-avec-14-stations\/"},"modified":"2020-11-16T10:45:04","modified_gmt":"2020-11-16T10:45:04","slug":"assembleuse-brochure-mkw-rapid-ut-14b3gs-sft-350-avec-14-stations","status":"publish","type":"product","link":"https:\/\/www.3p-gmbh.de\/fr\/produkt\/assembleuse-brochure-mkw-rapid-ut-14b3gs-sft-350-avec-14-stations\/","title":{"rendered":"Assembleuse \/ Brocheuse MKW Rapid UT 14B3GS + SFT 350 avec 14 stations"},"content":{"rendered":"<p><strong>Assembleuse \/ Brocheuse MKW Rapid UT 14\/B3\/GS + SFT 350<br \/>\nAnn\u00e9e de construction : 2003 \/ 2008<\/strong><br \/>\nFormat : min. 10 x 14 cm , max. 35 x 50 cm<\/p>\n<p><strong>\u00c9quipement :<\/strong><\/p>\n<ul>\n<li>14 stations Assembleuse avec compl\u00e9ment manuel gauche<\/li>\n<li>Cadence de 2900 par heure<\/li>\n<li>Circulation Table \u00e0 courroie crant\u00e9e<\/li>\n<li>contr\u00f4le \u00e9lectronique auto-mesur\u00e9 des feuilles doubles et des feuilles manquantes<\/li>\n<li>max. hauteur d&#8217;empilage 700 mm<\/li>\n<li>Poids du papier de 14 \u00e0 1000 g\/m2<\/li>\n<\/ul>\n<p>&nbsp;<\/p>\n<p><strong>Production de brochures MKW Agr\u00e9gat de coupe pour pliage par agrafage SFT 350<\/strong><br \/>\n<strong>de 2008<\/strong><\/p>\n<ul>\n<li>R\u00e9glage rapide du format<\/li>\n<li>rognage frontal avec rognage minimal de 6 cm sur les couteaux sup\u00e9rieur et inf\u00e9rieur<\/li>\n<li>Air de soufflage sur la lame<\/li>\n<li>Dispositif de pressage r\u00e9glable<\/li>\n<li>2 t\u00eates d&rsquo;agrafage Hohner 48\/S<\/li>\n<\/ul>\n<p>&nbsp;<\/p>\n<p><a href=\"https:\/\/www.3p-gmbh.de\/wp-content\/uploads\/2020\/11\/MKW.pdf\">Mode d&#8217;emploi (extrait)<\/a><\/p>\n","protected":false},"excerpt":{"rendered":"<p>Assembleuse \/ Brocheuse MKW Rapid UT 14\/B3\/GS + SFT 350 Ann\u00e9e de construction : 2003 \/ 2008 Format : min. 10 x 14 cm , max. 35 x 50 cm \u00c9quipement : 14 stations Assembleuse avec compl\u00e9ment manuel gauche Cadence de 2900 par heure Circulation Table \u00e0 courroie crant\u00e9e contr\u00f4le \u00e9lectronique auto-mesur\u00e9 des feuilles doubles [&hellip;]<\/p>\n","protected":false},"featured_media":59514,"template":"","meta":[],"product_brand":[],"product_cat":[3046,2947],"product_tag":[],"class_list":{"0":"post-91293","1":"product","2":"type-product","3":"status-publish","4":"has-post-thumbnail","6":"product_cat-assembleuses","7":"product_cat-systemes-de-fabrication-de-brochures","8":"pa_hersteller-mkw","9":"pa_typ-rapid-ut-14b3gs","10":"pa_typ-sft-350","12":"first","13":"instock","14":"taxable","15":"shipping-taxable","16":"product-type-simple"},"jetpack_sharing_enabled":true,"_links":{"self":[{"href":"https:\/\/www.3p-gmbh.de\/fr\/wp-json\/wp\/v2\/product\/91293","targetHints":{"allow":["GET"]}}],"collection":[{"href":"https:\/\/www.3p-gmbh.de\/fr\/wp-json\/wp\/v2\/product"}],"about":[{"href":"https:\/\/www.3p-gmbh.de\/fr\/wp-json\/wp\/v2\/types\/product"}],"wp:featuredmedia":[{"embeddable":true,"href":"https:\/\/www.3p-gmbh.de\/fr\/wp-json\/wp\/v2\/media\/59514"}],"wp:attachment":[{"href":"https:\/\/www.3p-gmbh.de\/fr\/wp-json\/wp\/v2\/media?parent=91293"}],"wp:term":[{"taxonomy":"product_brand","embeddable":true,"href":"https:\/\/www.3p-gmbh.de\/fr\/wp-json\/wp\/v2\/product_brand?post=91293"},{"taxonomy":"product_cat","embeddable":true,"href":"https:\/\/www.3p-gmbh.de\/fr\/wp-json\/wp\/v2\/product_cat?post=91293"},{"taxonomy":"product_tag","embeddable":true,"href":"https:\/\/www.3p-gmbh.de\/fr\/wp-json\/wp\/v2\/product_tag?post=91293"}],"curies":[{"name":"wp","href":"https:\/\/api.w.org\/{rel}","templated":true}]}}