{"id":91289,"date":"2021-01-11T11:35:53","date_gmt":"2021-01-11T11:35:53","guid":{"rendered":"https:\/\/www.3p-gmbh.de\/produkt\/profitec-popp-mobile-poche-de-retournement-des-feuilles-reglable-en-hauteur-avec-entree-a-rouleaux-inclines\/"},"modified":"2021-01-11T11:35:53","modified_gmt":"2021-01-11T11:35:53","slug":"profitec-popp-mobile-poche-coudee-reglable-en-hauteur-avec-entree-de-rail","status":"publish","type":"product","link":"https:\/\/www.3p-gmbh.de\/fr\/produkt\/profitec-popp-mobile-poche-coudee-reglable-en-hauteur-avec-entree-de-rail\/","title":{"rendered":"Profitec Popp mobile &#8211; poche de retournement des feuilles r\u00e9glable en hauteur avec entr\u00e9e \u00e0 rouleaux inclin\u00e9s"},"content":{"rendered":"<div><span style=\"font-family: Arial;\">Largeur d&rsquo;entr\u00e9e 650mm<\/span><\/div>\n<div><\/div>\n<div><span style=\"font-family: Arial;\">Le retourneur de feuilles permet de retourner des feuilles planes avec une poche de pliage dans le sens de la marche.<\/span><\/div>\n<div><span style=\"font-family: Arial;\">Ainsi, les feuilles peuvent \u00eatre imprim\u00e9es ou \u00e9tiquet\u00e9es sur les deux faces.<\/span><\/div>\n<div><\/div>\n<div><span style=\"font-family: Arial;\">Les rouleaux de transport d&rsquo;entr\u00e9e et de sortie sont segment\u00e9s,<\/span><\/div>\n<div><span style=\"font-family: Arial;\">la vitesse de la table \u00e0 rouleaux inclin\u00e9s et de l&rsquo;entr\u00e9e des poches<\/span><\/div>\n<div><span style=\"font-family: Arial;\">sont r\u00e9glables s\u00e9par\u00e9ment<\/span><\/div>\n","protected":false},"excerpt":{"rendered":"<p>Largeur d&rsquo;entr\u00e9e 650mm Le retourneur de feuilles permet de retourner des feuilles planes avec une poche de pliage dans le sens de la marche. Ainsi, les feuilles peuvent \u00eatre imprim\u00e9es ou \u00e9tiquet\u00e9es sur les deux faces. Les rouleaux de transport d&rsquo;entr\u00e9e et de sortie sont segment\u00e9s, la vitesse de la table \u00e0 rouleaux inclin\u00e9s et [&hellip;]<\/p>\n","protected":false},"featured_media":59549,"template":"","meta":[],"product_brand":[],"product_cat":[2886],"product_tag":[],"class_list":{"0":"post-91289","1":"product","2":"type-product","3":"status-publish","4":"has-post-thumbnail","6":"product_cat-accessoires-pour-plieuses","7":"pa_hersteller-popp-maschinenbau","8":"pa_typ-mobile","10":"first","11":"instock","12":"taxable","13":"shipping-taxable","14":"product-type-simple"},"jetpack_sharing_enabled":true,"_links":{"self":[{"href":"https:\/\/www.3p-gmbh.de\/fr\/wp-json\/wp\/v2\/product\/91289","targetHints":{"allow":["GET"]}}],"collection":[{"href":"https:\/\/www.3p-gmbh.de\/fr\/wp-json\/wp\/v2\/product"}],"about":[{"href":"https:\/\/www.3p-gmbh.de\/fr\/wp-json\/wp\/v2\/types\/product"}],"wp:featuredmedia":[{"embeddable":true,"href":"https:\/\/www.3p-gmbh.de\/fr\/wp-json\/wp\/v2\/media\/59549"}],"wp:attachment":[{"href":"https:\/\/www.3p-gmbh.de\/fr\/wp-json\/wp\/v2\/media?parent=91289"}],"wp:term":[{"taxonomy":"product_brand","embeddable":true,"href":"https:\/\/www.3p-gmbh.de\/fr\/wp-json\/wp\/v2\/product_brand?post=91289"},{"taxonomy":"product_cat","embeddable":true,"href":"https:\/\/www.3p-gmbh.de\/fr\/wp-json\/wp\/v2\/product_cat?post=91289"},{"taxonomy":"product_tag","embeddable":true,"href":"https:\/\/www.3p-gmbh.de\/fr\/wp-json\/wp\/v2\/product_tag?post=91289"}],"curies":[{"name":"wp","href":"https:\/\/api.w.org\/{rel}","templated":true}]}}