{"id":91285,"date":"2021-01-11T12:01:28","date_gmt":"2021-01-11T12:01:28","guid":{"rendered":"https:\/\/www.3p-gmbh.de\/produkt\/four-continu-a-thermo-relief-euromag-ecamo-supermatic-25-luxe-dual-avec-bras-dattaque-et-de-sortie-droits\/"},"modified":"2021-01-11T12:01:28","modified_gmt":"2021-01-11T12:01:28","slug":"four-continu-thermo-relief-euromag-ecamo-supermatic-25-luxe-dual-avec-bras-droit-et-extension","status":"publish","type":"product","link":"https:\/\/www.3p-gmbh.de\/fr\/produkt\/four-continu-thermo-relief-euromag-ecamo-supermatic-25-luxe-dual-avec-bras-droit-et-extension\/","title":{"rendered":"Four continu \u00e0 thermo-relief Euromag Ecamo Supermatic 25 luxe dual avec bras d&rsquo;attaque et de sortie droits"},"content":{"rendered":"<div><span style=\"color: #0000ff; font-family: Arial;\">Techniquement, l&rsquo;impression en relief (\u00e9galement connue sous le nom de thermographie) est un proc\u00e9d\u00e9 de raccordement de l&rsquo;impression offset classique.<\/span><\/div>\n<div><span style=\"color: #0000ff; font-family: Arial;\">Pour ce faire, un fin granul\u00e9 de plastique est saupoudr\u00e9 sur les couches d&rsquo;encre encore fra\u00eeches apr\u00e8s l&rsquo;impression normale.<\/span><\/div>\n<div><span style=\"color: #0000ff; font-family: Arial;\">Cette poudre, qui n&rsquo;adh\u00e8re qu&rsquo;aux surfaces imprim\u00e9es, se fond dans le tunnel de chauffage pour former un rev\u00eatement transparent incolore,<\/span><\/div>\n<div><span style=\"color: #0000ff; font-family: Arial;\">le relief en relief et palpable sur les surfaces color\u00e9es du produit final.<\/span><\/div>\n<div><\/div>\n<div><span style=\"font-family: Arial;\">&#8211; application automatique de la poudre en continu \u00e0 vitesse r\u00e9glable<\/span><\/div>\n<div><span style=\"font-family: Arial;\">&#8211; Largeur d&rsquo;entr\u00e9e 250mm<\/span><\/div>\n<div><span style=\"font-family: Arial;\">&#8211; hauteur d&rsquo;entr\u00e9e pivotante<\/span><\/div>\n<div><\/div>\n<div><a href=\"https:\/\/www.3p-gmbh.de\/wp-content\/uploads\/2021\/01\/Prospekt-Supermatic.pdf\">Prospectus Supermatic<\/a><\/div>\n","protected":false},"excerpt":{"rendered":"<p>Techniquement, l&rsquo;impression en relief (\u00e9galement connue sous le nom de thermographie) est un proc\u00e9d\u00e9 de raccordement de l&rsquo;impression offset classique. Pour ce faire, un fin granul\u00e9 de plastique est saupoudr\u00e9 sur les couches d&rsquo;encre encore fra\u00eeches apr\u00e8s l&rsquo;impression normale. Cette poudre, qui n&rsquo;adh\u00e8re qu&rsquo;aux surfaces imprim\u00e9es, se fond dans le tunnel de chauffage pour former [&hellip;]<\/p>\n","protected":false},"featured_media":59553,"template":"","meta":[],"product_brand":[],"product_cat":[3113],"product_tag":[],"class_list":{"0":"post-91285","1":"product","2":"type-product","3":"status-publish","4":"has-post-thumbnail","6":"product_cat-impression-en-relief","7":"pa_hersteller-ecamo-caslon-adana","8":"pa_typ-supermatic-25-luxe-dual","10":"first","11":"instock","12":"taxable","13":"shipping-taxable","14":"product-type-simple"},"jetpack_sharing_enabled":true,"_links":{"self":[{"href":"https:\/\/www.3p-gmbh.de\/fr\/wp-json\/wp\/v2\/product\/91285","targetHints":{"allow":["GET"]}}],"collection":[{"href":"https:\/\/www.3p-gmbh.de\/fr\/wp-json\/wp\/v2\/product"}],"about":[{"href":"https:\/\/www.3p-gmbh.de\/fr\/wp-json\/wp\/v2\/types\/product"}],"wp:featuredmedia":[{"embeddable":true,"href":"https:\/\/www.3p-gmbh.de\/fr\/wp-json\/wp\/v2\/media\/59553"}],"wp:attachment":[{"href":"https:\/\/www.3p-gmbh.de\/fr\/wp-json\/wp\/v2\/media?parent=91285"}],"wp:term":[{"taxonomy":"product_brand","embeddable":true,"href":"https:\/\/www.3p-gmbh.de\/fr\/wp-json\/wp\/v2\/product_brand?post=91285"},{"taxonomy":"product_cat","embeddable":true,"href":"https:\/\/www.3p-gmbh.de\/fr\/wp-json\/wp\/v2\/product_cat?post=91285"},{"taxonomy":"product_tag","embeddable":true,"href":"https:\/\/www.3p-gmbh.de\/fr\/wp-json\/wp\/v2\/product_tag?post=91285"}],"curies":[{"name":"wp","href":"https:\/\/api.w.org\/{rel}","templated":true}]}}