{"id":91275,"date":"2021-01-11T17:53:39","date_gmt":"2021-01-11T17:53:39","guid":{"rendered":"https:\/\/www.3p-gmbh.de\/produkt\/heidelberg-stahlfolder-sortie-a-ecailles-sak-66-d-de-1996-revise\/"},"modified":"2021-01-11T17:53:39","modified_gmt":"2021-01-11T17:53:39","slug":"heidelberg-stahlfolder-schuppenauslage-sak-66-f-aus-1996-revise","status":"publish","type":"product","link":"https:\/\/www.3p-gmbh.de\/fr\/produkt\/heidelberg-stahlfolder-schuppenauslage-sak-66-f-aus-1996-revise\/","title":{"rendered":"Heidelberg Stahlfolder sortie \u00e0 \u00e9cailles SAK 66 D de 1996 r\u00e9vis\u00e9"},"content":{"rendered":"<div>Heidelberg Stahlfolder Sortie en \u00e9cailles SAK 66 D<\/div>\n<div>Bj. 1996<\/div>\n<div>Commande DCT<\/div>\n","protected":false},"excerpt":{"rendered":"<p>Heidelberg Stahlfolder Sortie en \u00e9cailles SAK 66 D Bj. 1996 Commande DCT<\/p>\n","protected":false},"featured_media":59627,"template":"","meta":[],"product_brand":[],"product_cat":[2916],"product_tag":[],"class_list":{"0":"post-91275","1":"product","2":"type-product","3":"status-publish","4":"has-post-thumbnail","6":"product_cat-depenses","7":"pa_hersteller-heidelberg-stahl","8":"pa_typ-sak-66-d","10":"first","11":"instock","12":"taxable","13":"shipping-taxable","14":"product-type-simple"},"jetpack_sharing_enabled":true,"_links":{"self":[{"href":"https:\/\/www.3p-gmbh.de\/fr\/wp-json\/wp\/v2\/product\/91275","targetHints":{"allow":["GET"]}}],"collection":[{"href":"https:\/\/www.3p-gmbh.de\/fr\/wp-json\/wp\/v2\/product"}],"about":[{"href":"https:\/\/www.3p-gmbh.de\/fr\/wp-json\/wp\/v2\/types\/product"}],"wp:featuredmedia":[{"embeddable":true,"href":"https:\/\/www.3p-gmbh.de\/fr\/wp-json\/wp\/v2\/media\/59627"}],"wp:attachment":[{"href":"https:\/\/www.3p-gmbh.de\/fr\/wp-json\/wp\/v2\/media?parent=91275"}],"wp:term":[{"taxonomy":"product_brand","embeddable":true,"href":"https:\/\/www.3p-gmbh.de\/fr\/wp-json\/wp\/v2\/product_brand?post=91275"},{"taxonomy":"product_cat","embeddable":true,"href":"https:\/\/www.3p-gmbh.de\/fr\/wp-json\/wp\/v2\/product_cat?post=91275"},{"taxonomy":"product_tag","embeddable":true,"href":"https:\/\/www.3p-gmbh.de\/fr\/wp-json\/wp\/v2\/product_tag?post=91275"}],"curies":[{"name":"wp","href":"https:\/\/api.w.org\/{rel}","templated":true}]}}