{"id":91259,"date":"2021-01-11T18:08:33","date_gmt":"2021-01-11T18:08:33","guid":{"rendered":"https:\/\/www.3p-gmbh.de\/produkt\/thermocolleuse-foliant-400-gemini-entierement-automatique\/"},"modified":"2021-01-11T18:08:33","modified_gmt":"2021-01-11T18:08:33","slug":"foliant-400-gemini-automate-a-cafe","status":"publish","type":"product","link":"https:\/\/www.3p-gmbh.de\/fr\/produkt\/foliant-400-gemini-automate-a-cafe\/","title":{"rendered":"Thermocolleuse Foliant 400 Gemini &#8211; Enti\u00e8rement automatique"},"content":{"rendered":"<p><span style=\"color: #0000ff;\"><strong>Thermocolleuse Foliant 400 Gemini &#8211; Enti\u00e8rement automatique<br \/>\nAnn\u00e9e de construction : 2005<br \/>\n<\/strong><\/span><br \/>\nCaract\u00e9ristiques du produit :<br \/>\n* Economies de co\u00fbts et de temps gr\u00e2ce \u00e0 l&rsquo;archivage en interne<br \/>\n* Pour les formats jusqu&rsquo;\u00e0 380 mm de largeur de feuille, \u00e9galement les impressions num\u00e9riques xerox<br \/>\n* Margeur enti\u00e8rement automatique pour les grands tirages<br \/>\n* 1000 feuilles B3 contrecoll\u00e9es d\u00e9j\u00e0 \u00e0 moins de 16,-\u20ac environ<br \/>\n* temp\u00e9rature et vitesse contr\u00f4l\u00e9es par le processeur<\/p>\n<p>Donn\u00e9es techniques :<br \/>\nAlimentation automatique<br \/>\nS\u00e9paration automatique<br \/>\nMax. Puissance par heure env. 1800 B3<br \/>\nVitesse 0-15 m\/min<br \/>\n\u00e9paisseur du papier 115-350g<br \/>\nMin. Taille du papier 32&#215;25 cm<br \/>\nMax. Taille du papier 38x58cm<br \/>\nTemp\u00e9rature 80-140\u00b0C<br \/>\nAlimentation \u00e9lectrique 220-240 V 1500 W<br \/>\nEspace requis 74x 280 cm<\/p>\n","protected":false},"excerpt":{"rendered":"<p>Thermocolleuse Foliant 400 Gemini &#8211; Enti\u00e8rement automatique Ann\u00e9e de construction : 2005 Caract\u00e9ristiques du produit : * Economies de co\u00fbts et de temps gr\u00e2ce \u00e0 l&rsquo;archivage en interne * Pour les formats jusqu&rsquo;\u00e0 380 mm de largeur de feuille, \u00e9galement les impressions num\u00e9riques xerox * Margeur enti\u00e8rement automatique pour les grands tirages * 1000 feuilles [&hellip;]<\/p>\n","protected":false},"featured_media":59644,"template":"","meta":[],"product_brand":[],"product_cat":[3092],"product_tag":[],"class_list":{"0":"post-91259","1":"product","2":"type-product","3":"status-publish","4":"has-post-thumbnail","6":"product_cat-machines-a-plastifier","7":"pa_hersteller-foliant","8":"pa_typ-400-gemini","10":"first","11":"instock","12":"taxable","13":"shipping-taxable","14":"product-type-simple"},"jetpack_sharing_enabled":true,"_links":{"self":[{"href":"https:\/\/www.3p-gmbh.de\/fr\/wp-json\/wp\/v2\/product\/91259","targetHints":{"allow":["GET"]}}],"collection":[{"href":"https:\/\/www.3p-gmbh.de\/fr\/wp-json\/wp\/v2\/product"}],"about":[{"href":"https:\/\/www.3p-gmbh.de\/fr\/wp-json\/wp\/v2\/types\/product"}],"wp:featuredmedia":[{"embeddable":true,"href":"https:\/\/www.3p-gmbh.de\/fr\/wp-json\/wp\/v2\/media\/59644"}],"wp:attachment":[{"href":"https:\/\/www.3p-gmbh.de\/fr\/wp-json\/wp\/v2\/media?parent=91259"}],"wp:term":[{"taxonomy":"product_brand","embeddable":true,"href":"https:\/\/www.3p-gmbh.de\/fr\/wp-json\/wp\/v2\/product_brand?post=91259"},{"taxonomy":"product_cat","embeddable":true,"href":"https:\/\/www.3p-gmbh.de\/fr\/wp-json\/wp\/v2\/product_cat?post=91259"},{"taxonomy":"product_tag","embeddable":true,"href":"https:\/\/www.3p-gmbh.de\/fr\/wp-json\/wp\/v2\/product_tag?post=91259"}],"curies":[{"name":"wp","href":"https:\/\/api.w.org\/{rel}","templated":true}]}}