{"id":91248,"date":"2022-12-29T23:38:46","date_gmt":"2022-12-29T23:38:46","guid":{"rendered":"https:\/\/www.3p-gmbh.de\/produkt\/machine-motrice-sumbel-regent-500-2\/"},"modified":"2022-12-29T23:38:46","modified_gmt":"2022-12-29T23:38:46","slug":"machine-dentrainement-sumbel-regent-500","status":"publish","type":"product","link":"https:\/\/www.3p-gmbh.de\/fr\/produkt\/machine-dentrainement-sumbel-regent-500\/","title":{"rendered":"Machine motrice Sumbel REGENT 500"},"content":{"rendered":"<p><strong>Machine motrice Sumbel REGENT 500<\/strong><\/p>\n<p>pour tous les travaux d&rsquo;enrobage et de contrecollage.<br \/>\nPour presser rapidement, proprement et uniform\u00e9ment les couvertures de livres, les chemises, les affiches, les pr\u00e9sentoirs, etc.<br \/>\nEntra\u00eenement par moteur 230 V. 50 Hz, avec vitesse r\u00e9glable en continu,<br \/>\nR\u00e9glage des \u00e9paisseurs de mat\u00e9riau de 0 \u00e0 30 mm avec r\u00e9glage fin suppl\u00e9mentaire de la pression de serrage.<br \/>\nLargeur du rouleau 500 mm<\/p>\n","protected":false},"excerpt":{"rendered":"<p>Machine motrice Sumbel REGENT 500 pour tous les travaux d&rsquo;enrobage et de contrecollage. Pour presser rapidement, proprement et uniform\u00e9ment les couvertures de livres, les chemises, les affiches, les pr\u00e9sentoirs, etc. Entra\u00eenement par moteur 230 V. 50 Hz, avec vitesse r\u00e9glable en continu, R\u00e9glage des \u00e9paisseurs de mat\u00e9riau de 0 \u00e0 30 mm avec r\u00e9glage fin [&hellip;]<\/p>\n","protected":false},"featured_media":61662,"template":"","meta":[],"product_brand":[],"product_cat":[2890],"product_tag":[],"class_list":{"0":"post-91248","1":"product","2":"type-product","3":"status-publish","4":"has-post-thumbnail","6":"product_cat-reliure-dassortiment","7":"pa_hersteller-sumbel","8":"pa_typ-regent-500","10":"first","11":"instock","12":"taxable","13":"shipping-taxable","14":"product-type-simple"},"jetpack_sharing_enabled":true,"_links":{"self":[{"href":"https:\/\/www.3p-gmbh.de\/fr\/wp-json\/wp\/v2\/product\/91248","targetHints":{"allow":["GET"]}}],"collection":[{"href":"https:\/\/www.3p-gmbh.de\/fr\/wp-json\/wp\/v2\/product"}],"about":[{"href":"https:\/\/www.3p-gmbh.de\/fr\/wp-json\/wp\/v2\/types\/product"}],"wp:featuredmedia":[{"embeddable":true,"href":"https:\/\/www.3p-gmbh.de\/fr\/wp-json\/wp\/v2\/media\/61662"}],"wp:attachment":[{"href":"https:\/\/www.3p-gmbh.de\/fr\/wp-json\/wp\/v2\/media?parent=91248"}],"wp:term":[{"taxonomy":"product_brand","embeddable":true,"href":"https:\/\/www.3p-gmbh.de\/fr\/wp-json\/wp\/v2\/product_brand?post=91248"},{"taxonomy":"product_cat","embeddable":true,"href":"https:\/\/www.3p-gmbh.de\/fr\/wp-json\/wp\/v2\/product_cat?post=91248"},{"taxonomy":"product_tag","embeddable":true,"href":"https:\/\/www.3p-gmbh.de\/fr\/wp-json\/wp\/v2\/product_tag?post=91248"}],"curies":[{"name":"wp","href":"https:\/\/api.w.org\/{rel}","templated":true}]}}