{"id":91232,"date":"2022-12-29T23:26:04","date_gmt":"2022-12-29T23:26:04","guid":{"rendered":"https:\/\/www.3p-gmbh.de\/produkt\/1ere-plieuse-stahlfolder-buh-66-6-partiellement-automatisee\/"},"modified":"2022-12-29T23:26:04","modified_gmt":"2022-12-29T23:26:04","slug":"1-troisieme-plieuse-acier-buh-66-6-piece-automatisee","status":"publish","type":"product","link":"https:\/\/www.3p-gmbh.de\/fr\/produkt\/1-troisieme-plieuse-acier-buh-66-6-piece-automatisee\/","title":{"rendered":"1\u00e8re plieuse Stahlfolder BUH 66-6 partiellement automatis\u00e9e"},"content":{"rendered":"<p><em>Raret\u00e9 pour la transformation et la mise \u00e0 niveau de plieuses ou de groupes de pliage Stahlfolder existants<\/em><\/p>\n<p><strong>1.tes plieuse BUH 66-6 semi-automatis\u00e9e<\/strong><br \/>\n<strong>de 2006<\/strong><\/p>\n<p>&#8211; arbres porte-lames en amont avec protection (kit de transformation adapt\u00e9 aux plieuses)<br \/>\n&#8211; r\u00e9glage motoris\u00e9 des rouleaux de pliage<br \/>\n&#8211; six poches de pliage r\u00e9glables manuellement, largeur d&rsquo;entr\u00e9e de 66 cm<br \/>\n&#8211; double arbre porte-lames en aval avec kit de levage<\/p>\n","protected":false},"excerpt":{"rendered":"<p>Raret\u00e9 pour la transformation et la mise \u00e0 niveau de plieuses ou de groupes de pliage Stahlfolder existants 1.tes plieuse BUH 66-6 semi-automatis\u00e9e de 2006 &#8211; arbres porte-lames en amont avec protection (kit de transformation adapt\u00e9 aux plieuses) &#8211; r\u00e9glage motoris\u00e9 des rouleaux de pliage &#8211; six poches de pliage r\u00e9glables manuellement, largeur d&rsquo;entr\u00e9e de [&hellip;]<\/p>\n","protected":false},"featured_media":61653,"template":"","meta":[],"product_brand":[],"product_cat":[2924],"product_tag":[],"class_list":{"0":"post-91232","1":"product","2":"type-product","3":"status-publish","4":"has-post-thumbnail","6":"product_cat-plieuses","7":"pa_hersteller-heidelberg-stahlfolder","8":"pa_typ-buh-66-6","10":"first","11":"instock","12":"taxable","13":"shipping-taxable","14":"product-type-simple"},"jetpack_sharing_enabled":true,"_links":{"self":[{"href":"https:\/\/www.3p-gmbh.de\/fr\/wp-json\/wp\/v2\/product\/91232","targetHints":{"allow":["GET"]}}],"collection":[{"href":"https:\/\/www.3p-gmbh.de\/fr\/wp-json\/wp\/v2\/product"}],"about":[{"href":"https:\/\/www.3p-gmbh.de\/fr\/wp-json\/wp\/v2\/types\/product"}],"wp:featuredmedia":[{"embeddable":true,"href":"https:\/\/www.3p-gmbh.de\/fr\/wp-json\/wp\/v2\/media\/61653"}],"wp:attachment":[{"href":"https:\/\/www.3p-gmbh.de\/fr\/wp-json\/wp\/v2\/media?parent=91232"}],"wp:term":[{"taxonomy":"product_brand","embeddable":true,"href":"https:\/\/www.3p-gmbh.de\/fr\/wp-json\/wp\/v2\/product_brand?post=91232"},{"taxonomy":"product_cat","embeddable":true,"href":"https:\/\/www.3p-gmbh.de\/fr\/wp-json\/wp\/v2\/product_cat?post=91232"},{"taxonomy":"product_tag","embeddable":true,"href":"https:\/\/www.3p-gmbh.de\/fr\/wp-json\/wp\/v2\/product_tag?post=91232"}],"curies":[{"name":"wp","href":"https:\/\/api.w.org\/{rel}","templated":true}]}}