{"id":91172,"date":"2021-05-29T10:34:20","date_gmt":"2021-05-29T10:34:20","guid":{"rendered":"https:\/\/www.3p-gmbh.de\/produkt\/barres-a-ventouses-pour-creusets-heidelberg-modeles-gt-gts-et-gtp\/"},"modified":"2021-05-29T10:34:20","modified_gmt":"2021-05-29T10:34:20","slug":"barres-aspirateurs-pour-heidelberg-modeles-de-creuset-gt-gts-et-gtp","status":"publish","type":"product","link":"https:\/\/www.3p-gmbh.de\/fr\/produkt\/barres-aspirateurs-pour-heidelberg-modeles-de-creuset-gt-gts-et-gtp\/","title":{"rendered":"Barres \u00e0 ventouses pour creusets Heidelberg mod\u00e8les GT GTS et GTP"},"content":{"rendered":"<p><strong>Barres \u00e0 ventouses pour grammages lourds pour les creusets Heidelberg mod\u00e8les GT GTS et GTP<\/strong><\/p>\n<div>pour presse \u00e0 platine Heidelberg originale<\/div>\n<div>OHT Heidelberg GT A3 &#8211; Automate \u00e0 creuser des barres d&rsquo;aspiration sp\u00e9ciales<\/div>\n<div>pour les grammages \u00e9lev\u00e9s<\/div>\n","protected":false},"excerpt":{"rendered":"<p>Barres \u00e0 ventouses pour grammages lourds pour les creusets Heidelberg mod\u00e8les GT GTS et GTP pour presse \u00e0 platine Heidelberg originale OHT Heidelberg GT A3 &#8211; Automate \u00e0 creuser des barres d&rsquo;aspiration sp\u00e9ciales pour les grammages \u00e9lev\u00e9s<\/p>\n","protected":false},"featured_media":60298,"template":"","meta":[],"product_brand":[],"product_cat":[2881],"product_tag":[],"class_list":{"0":"post-91172","1":"product","2":"type-product","3":"status-publish","4":"has-post-thumbnail","6":"product_cat-impression-de-livres","8":"first","9":"instock","10":"taxable","11":"shipping-taxable","12":"product-type-simple"},"jetpack_sharing_enabled":true,"_links":{"self":[{"href":"https:\/\/www.3p-gmbh.de\/fr\/wp-json\/wp\/v2\/product\/91172","targetHints":{"allow":["GET"]}}],"collection":[{"href":"https:\/\/www.3p-gmbh.de\/fr\/wp-json\/wp\/v2\/product"}],"about":[{"href":"https:\/\/www.3p-gmbh.de\/fr\/wp-json\/wp\/v2\/types\/product"}],"wp:featuredmedia":[{"embeddable":true,"href":"https:\/\/www.3p-gmbh.de\/fr\/wp-json\/wp\/v2\/media\/60298"}],"wp:attachment":[{"href":"https:\/\/www.3p-gmbh.de\/fr\/wp-json\/wp\/v2\/media?parent=91172"}],"wp:term":[{"taxonomy":"product_brand","embeddable":true,"href":"https:\/\/www.3p-gmbh.de\/fr\/wp-json\/wp\/v2\/product_brand?post=91172"},{"taxonomy":"product_cat","embeddable":true,"href":"https:\/\/www.3p-gmbh.de\/fr\/wp-json\/wp\/v2\/product_cat?post=91172"},{"taxonomy":"product_tag","embeddable":true,"href":"https:\/\/www.3p-gmbh.de\/fr\/wp-json\/wp\/v2\/product_tag?post=91172"}],"curies":[{"name":"wp","href":"https:\/\/api.w.org\/{rel}","templated":true}]}}