{"id":91146,"date":"2021-06-14T20:17:40","date_gmt":"2021-06-14T20:17:40","guid":{"rendered":"https:\/\/www.3p-gmbh.de\/produkt\/tunnel-de-retraction-hugo-beck-slb-5020-25\/"},"modified":"2021-06-14T20:17:40","modified_gmt":"2021-06-14T20:17:40","slug":"schrumpftunnel-hugo-beck-slb-5020-25","status":"publish","type":"product","link":"https:\/\/www.3p-gmbh.de\/fr\/produkt\/schrumpftunnel-hugo-beck-slb-5020-25\/","title":{"rendered":"Tunnel de r\u00e9traction Hugo Beck SLB 5020\/25"},"content":{"rendered":"<p><strong>Tunnel de r\u00e9traction Hugo Beck SLB 5020\/25<\/strong><br \/>\n<strong>Bj. 1999<br \/>\n<\/strong><br \/>\nTunnel avec un rendement thermique \u00e9lev\u00e9 et diverses possibilit\u00e9s de r\u00e9glage pour les meilleurs r\u00e9sultats de r\u00e9traction.<br \/>\nLe tunnel de r\u00e9traction souffle l&rsquo;air chauff\u00e9 dans la zone d&rsquo;entr\u00e9e par le bas et par les deux c\u00f4t\u00e9s sur le produit.<br \/>\nIl en r\u00e9sulte un flux d&rsquo;air en direction de la zone de sortie,<br \/>\no\u00f9 l&rsquo;air r\u00e9chauff\u00e9 est aspir\u00e9 et reste en circulation selon le principe de la circulation d&rsquo;air<\/p>\n","protected":false},"excerpt":{"rendered":"<p>Tunnel de r\u00e9traction Hugo Beck SLB 5020\/25 Bj. 1999 Tunnel avec un rendement thermique \u00e9lev\u00e9 et diverses possibilit\u00e9s de r\u00e9glage pour les meilleurs r\u00e9sultats de r\u00e9traction. Le tunnel de r\u00e9traction souffle l&rsquo;air chauff\u00e9 dans la zone d&rsquo;entr\u00e9e par le bas et par les deux c\u00f4t\u00e9s sur le produit. Il en r\u00e9sulte un flux d&rsquo;air en [&hellip;]<\/p>\n","protected":false},"featured_media":60357,"template":"","meta":[],"product_brand":[],"product_cat":[3024],"product_tag":[],"class_list":{"0":"post-91146","1":"product","2":"type-product","3":"status-publish","4":"has-post-thumbnail","6":"product_cat-emballage-sous-film-et-tenseur","7":"pa_hersteller-hugo-beck","8":"pa_typ-schrumpftunnel-slb-5020-25","10":"first","11":"instock","12":"taxable","13":"shipping-taxable","14":"product-type-simple"},"jetpack_sharing_enabled":true,"_links":{"self":[{"href":"https:\/\/www.3p-gmbh.de\/fr\/wp-json\/wp\/v2\/product\/91146","targetHints":{"allow":["GET"]}}],"collection":[{"href":"https:\/\/www.3p-gmbh.de\/fr\/wp-json\/wp\/v2\/product"}],"about":[{"href":"https:\/\/www.3p-gmbh.de\/fr\/wp-json\/wp\/v2\/types\/product"}],"wp:featuredmedia":[{"embeddable":true,"href":"https:\/\/www.3p-gmbh.de\/fr\/wp-json\/wp\/v2\/media\/60357"}],"wp:attachment":[{"href":"https:\/\/www.3p-gmbh.de\/fr\/wp-json\/wp\/v2\/media?parent=91146"}],"wp:term":[{"taxonomy":"product_brand","embeddable":true,"href":"https:\/\/www.3p-gmbh.de\/fr\/wp-json\/wp\/v2\/product_brand?post=91146"},{"taxonomy":"product_cat","embeddable":true,"href":"https:\/\/www.3p-gmbh.de\/fr\/wp-json\/wp\/v2\/product_cat?post=91146"},{"taxonomy":"product_tag","embeddable":true,"href":"https:\/\/www.3p-gmbh.de\/fr\/wp-json\/wp\/v2\/product_tag?post=91146"}],"curies":[{"name":"wp","href":"https:\/\/api.w.org\/{rel}","templated":true}]}}